{"id":26181,"date":"2021-12-20T16:24:17","date_gmt":"2021-12-20T21:24:17","guid":{"rendered":"https:\/\/f41338ccfb.nxcli.net\/?page_id=26181"},"modified":"2022-04-14T11:28:19","modified_gmt":"2022-04-14T15:28:19","slug":"swift-dispatch","status":"publish","type":"page","link":"https:\/\/mibusoft.com\/fr\/products\/swift-dispatch\/","title":{"rendered":"Swift Dispatch"},"content":{"rendered":"<p>[et_pb_section fb_built=&#8221;1&#8243; _builder_version=&#8221;4.16&#8243; _module_preset=&#8221;default&#8221; background_color=&#8221;gcid-eb01e228-e5d0-4766-9148-1139d8154b19&#8243; custom_padding=&#8221;40px||40px||true|&#8221; global_colors_info=&#8221;{%22gcid-eb01e228-e5d0-4766-9148-1139d8154b19%22:%91%22background_color%22%93}&#8221; theme_builder_area=&#8221;post_content&#8221;][et_pb_row _builder_version=&#8221;4.16&#8243; _module_preset=&#8221;default&#8221; custom_padding=&#8221;24px|||||&#8221; global_colors_info=&#8221;{}&#8221; theme_builder_area=&#8221;post_content&#8221;][et_pb_column type=&#8221;4_4&#8243; _builder_version=&#8221;4.16&#8243; _module_preset=&#8221;default&#8221; global_colors_info=&#8221;{}&#8221; theme_builder_area=&#8221;post_content&#8221;][et_pb_text _builder_version=&#8221;4.16&#8243; _module_preset=&#8221;default&#8221; global_colors_info=&#8221;{}&#8221; theme_builder_area=&#8221;post_content&#8221;]<\/p>\n<h5>Am\u00e9liorez vos livraisons avec la preuve de livraison<\/h5>\n<p>[\/et_pb_text][et_pb_image src=&#8221;https:\/\/mibusoft.com\/wp-content\/uploads\/2022\/01\/Swift_Dispatch_logo.png&#8221; alt=&#8221;Swift Dispatch&#8221; title_text=&#8221;Swift Dispatch&#8221; _builder_version=&#8221;4.16&#8243; _module_preset=&#8221;default&#8221; global_colors_info=&#8221;{}&#8221; theme_builder_area=&#8221;post_content&#8221;][\/et_pb_image][et_pb_text _builder_version=&#8221;4.16&#8243; _module_preset=&#8221;default&#8221; global_colors_info=&#8221;{}&#8221; theme_builder_area=&#8221;post_content&#8221;]<\/p>\n<p>Swift Dispatch est une application de preuve de livraison qui \u00e9tend les fonctionnalit\u00e9s d'exp\u00e9dition de Business Central en optimisant la gestion des livraisons. En un mot, Swift Dispatch aide l\u2019envoi \u00e0 affecter des exp\u00e9ditions \u00e0 des v\u00e9hicules de livraison sp\u00e9cifiques et au personnel de livraison pour naviguer dans leur liste de livraisons \u00e0 l'aide d'une simple fonction d'optimisation de l'itin\u00e9raire. \u00c0 leur destination, les chauffeurs peuvent utiliser leur appareil mobile pour photographier les colis livr\u00e9s ou accepter une signature pour fournir une preuve de livraison. Avec Swift Dispatch, les petites et moyennes entreprises peuvent g\u00e9rer efficacement les livraisons, sans payer pour des fonctionnalit\u00e9s dont elles n'ont pas besoin.<\/p>\n<p>[\/et_pb_text][\/et_pb_column][\/et_pb_row][\/et_pb_section][et_pb_section fb_built=&#8221;1&#8243; module_class=&#8221;lsm-erp-block&#8221; _builder_version=&#8221;4.16&#8243; _module_preset=&#8221;default&#8221; locked=&#8221;off&#8221; global_colors_info=&#8221;{}&#8221; theme_builder_area=&#8221;post_content&#8221;][et_pb_row _builder_version=&#8221;4.16&#8243; _module_preset=&#8221;default&#8221; custom_padding=&#8221;||0px|||&#8221; global_colors_info=&#8221;{}&#8221; theme_builder_area=&#8221;post_content&#8221;][et_pb_column type=&#8221;4_4&#8243; _builder_version=&#8221;4.16&#8243; _module_preset=&#8221;default&#8221; global_colors_info=&#8221;{}&#8221; theme_builder_area=&#8221;post_content&#8221;][et_pb_text _builder_version=&#8221;4.16&#8243; _module_preset=&#8221;default&#8221; global_colors_info=&#8221;{}&#8221; theme_builder_area=&#8221;post_content&#8221;]<\/p>\n<h5>Fonctionnalit\u00e9s Swift Dispatch<\/h5>\n<p>[\/et_pb_text][\/et_pb_column][\/et_pb_row][et_pb_row column_structure=&#8221;1_3,1_3,1_3&#8243; _builder_version=&#8221;4.16&#8243; _module_preset=&#8221;default&#8221; global_colors_info=&#8221;{}&#8221; theme_builder_area=&#8221;post_content&#8221;][et_pb_column type=&#8221;1_3&#8243; _builder_version=&#8221;4.16&#8243; _module_preset=&#8221;default&#8221; global_colors_info=&#8221;{}&#8221; theme_builder_area=&#8221;post_content&#8221;][et_pb_icon font_icon=&#8221;&#xf48b;||fa||900&#8243; icon_color=&#8221;gcid-67cedbd2-2763-4d68-8205-1c4596eb585f&#8221; _builder_version=&#8221;4.16&#8243; _module_preset=&#8221;default&#8221; global_colors_info=&#8221;{%22gcid-67cedbd2-2763-4d68-8205-1c4596eb585f%22:%91%22icon_color%22%93}&#8221; theme_builder_area=&#8221;post_content&#8221;][\/et_pb_icon][et_pb_text _builder_version=&#8221;4.16&#8243; _module_preset=&#8221;default&#8221; text_orientation=&#8221;center&#8221; global_colors_info=&#8221;{}&#8221; theme_builder_area=&#8221;post_content&#8221;]<\/p>\n<p><strong>Gestion des livraisons<\/strong><\/p>\n<p>Simplifie l'affectation des exp\u00e9ditions aux chauffeurs et des livraisons par les chauffeurs.<\/p>\n<p>[\/et_pb_text][\/et_pb_column][et_pb_column type=&#8221;1_3&#8243; _builder_version=&#8221;4.16&#8243; _module_preset=&#8221;default&#8221; global_colors_info=&#8221;{}&#8221; theme_builder_area=&#8221;post_content&#8221;][et_pb_icon font_icon=&#8221;&#xf018;||fa||900&#8243; icon_color=&#8221;gcid-67cedbd2-2763-4d68-8205-1c4596eb585f&#8221; _builder_version=&#8221;4.16&#8243; _module_preset=&#8221;default&#8221; locked=&#8221;off&#8221; global_colors_info=&#8221;{%22gcid-67cedbd2-2763-4d68-8205-1c4596eb585f%22:%91%22icon_color%22%93}&#8221; theme_builder_area=&#8221;post_content&#8221;][\/et_pb_icon][et_pb_text _builder_version=&#8221;4.16&#8243; _module_preset=&#8221;default&#8221; text_orientation=&#8221;center&#8221; locked=&#8221;off&#8221; global_colors_info=&#8221;{}&#8221; theme_builder_area=&#8221;post_content&#8221;]<strong>Navigation de livraison<\/strong><\/p>\n<p>Saves drivers time by providing them with optimal route information.[\/et_pb_text][\/et_pb_column][et_pb_column type=&#8221;1_3&#8243; _builder_version=&#8221;4.16&#8243; _module_preset=&#8221;default&#8221; global_colors_info=&#8221;{}&#8221; theme_builder_area=&#8221;post_content&#8221;][et_pb_icon font_icon=&#8221;&#xf3e0;||fa||900&#8243; icon_color=&#8221;gcid-67cedbd2-2763-4d68-8205-1c4596eb585f&#8221; _builder_version=&#8221;4.16&#8243; _module_preset=&#8221;default&#8221; locked=&#8221;off&#8221; global_colors_info=&#8221;{%22gcid-67cedbd2-2763-4d68-8205-1c4596eb585f%22:%91%22icon_color%22%93}&#8221; theme_builder_area=&#8221;post_content&#8221;][\/et_pb_icon][et_pb_text _builder_version=&#8221;4.16&#8243; _module_preset=&#8221;default&#8221; text_orientation=&#8221;center&#8221; locked=&#8221;off&#8221; global_colors_info=&#8221;{}&#8221; theme_builder_area=&#8221;post_content&#8221;]<\/p>\n<p><strong>Preuve de livraison<\/strong><\/p>\n<p>\u00c0 partir de l'application, il capture les signatures et les preuves de livraison avec photo.<\/p>\n<p>[\/et_pb_text][\/et_pb_column][\/et_pb_row][\/et_pb_section][et_pb_section fb_built=&#8221;1&#8243; module_class=&#8221;lsm-erp-block&#8221; _builder_version=&#8221;4.16&#8243; _module_preset=&#8221;default&#8221; background_color=&#8221;gcid-eb01e228-e5d0-4766-9148-1139d8154b19&#8243; locked=&#8221;off&#8221; global_colors_info=&#8221;{%22gcid-eb01e228-e5d0-4766-9148-1139d8154b19%22:%91%22background_color%22%93}&#8221; theme_builder_area=&#8221;post_content&#8221;][et_pb_row _builder_version=&#8221;4.16&#8243; _module_preset=&#8221;default&#8221; custom_padding=&#8221;||0px|||&#8221; global_colors_info=&#8221;{}&#8221; theme_builder_area=&#8221;post_content&#8221;][et_pb_column type=&#8221;4_4&#8243; _builder_version=&#8221;4.16&#8243; _module_preset=&#8221;default&#8221; global_colors_info=&#8221;{}&#8221; theme_builder_area=&#8221;post_content&#8221;][et_pb_text _builder_version=&#8221;4.16&#8243; _module_preset=&#8221;default&#8221; global_colors_info=&#8221;{}&#8221; theme_builder_area=&#8221;post_content&#8221;]<\/p>\n<h5>Avantages Swift Dispatch<\/h5>\n<p>[\/et_pb_text][\/et_pb_column][\/et_pb_row][et_pb_row column_structure=&#8221;1_2,1_2&#8243; _builder_version=&#8221;4.16&#8243; _module_preset=&#8221;default&#8221; global_colors_info=&#8221;{}&#8221; theme_builder_area=&#8221;post_content&#8221;][et_pb_column type=&#8221;1_2&#8243; _builder_version=&#8221;4.16&#8243; _module_preset=&#8221;default&#8221; global_colors_info=&#8221;{}&#8221; theme_builder_area=&#8221;post_content&#8221;][et_pb_icon font_icon=&#8221;&#xf26c;||fa||900&#8243; icon_color=&#8221;gcid-67cedbd2-2763-4d68-8205-1c4596eb585f&#8221; _builder_version=&#8221;4.16&#8243; _module_preset=&#8221;default&#8221; global_colors_info=&#8221;{%22gcid-67cedbd2-2763-4d68-8205-1c4596eb585f%22:%91%22icon_color%22%93}&#8221; theme_builder_area=&#8221;post_content&#8221;][\/et_pb_icon][et_pb_text _builder_version=&#8221;4.16&#8243; _module_preset=&#8221;default&#8221; text_orientation=&#8221;center&#8221; global_colors_info=&#8221;{}&#8221; theme_builder_area=&#8221;post_content&#8221;]<\/p>\n<p><strong>Visibilit\u00e9 de l'entreprise<\/strong><\/p>\n<p>Les donn\u00e9es sont continuellement mises \u00e0 jour gr\u00e2ce \u00e0 l'int\u00e9gration du syst\u00e8me.<\/p>\n<p>Les donn\u00e9es sont accessibles 24h\/24 et 7j\/7.<\/p>\n<p>Un aper\u00e7u de toutes les exp\u00e9ditions donne la priorit\u00e9 aux livraisons pour s'assurer que les colis arrivent \u00e0 temps<\/p>\n<p>[\/et_pb_text][\/et_pb_column][et_pb_column type=&#8221;1_2&#8243; _builder_version=&#8221;4.16&#8243; _module_preset=&#8221;default&#8221; global_colors_info=&#8221;{}&#8221; theme_builder_area=&#8221;post_content&#8221;][et_pb_icon font_icon=&#8221;&#xf05a;||fa||900&#8243; icon_color=&#8221;gcid-67cedbd2-2763-4d68-8205-1c4596eb585f&#8221; _builder_version=&#8221;4.16&#8243; _module_preset=&#8221;default&#8221; locked=&#8221;off&#8221; global_colors_info=&#8221;{%22gcid-67cedbd2-2763-4d68-8205-1c4596eb585f%22:%91%22icon_color%22%93}&#8221; theme_builder_area=&#8221;post_content&#8221;][\/et_pb_icon][et_pb_text _builder_version=&#8221;4.16&#8243; _module_preset=&#8221;default&#8221; text_orientation=&#8221;center&#8221; locked=&#8221;off&#8221; global_colors_info=&#8221;{}&#8221; theme_builder_area=&#8221;post_content&#8221;]<\/p>\n<p><strong>Utilisation efficace des ressources<\/strong><\/p>\n<p>Am\u00e9liore l'efficacit\u00e9 en fournissant au personnel tous les outils et informations dont ils ont besoin pour effectuer des livraisons dans les d\u00e9lais.<\/p>\n<ul><\/ul>\n<p>[\/et_pb_text][\/et_pb_column][\/et_pb_row][et_pb_row column_structure=&#8221;1_2,1_2&#8243; _builder_version=&#8221;4.16&#8243; _module_preset=&#8221;default&#8221; global_colors_info=&#8221;{}&#8221; theme_builder_area=&#8221;post_content&#8221;][et_pb_column type=&#8221;1_2&#8243; _builder_version=&#8221;4.16&#8243; _module_preset=&#8221;default&#8221; global_colors_info=&#8221;{}&#8221; theme_builder_area=&#8221;post_content&#8221;][et_pb_icon font_icon=&#8221;&#xf505;||fa||900&#8243; icon_color=&#8221;gcid-67cedbd2-2763-4d68-8205-1c4596eb585f&#8221; _builder_version=&#8221;4.16&#8243; _module_preset=&#8221;default&#8221; locked=&#8221;off&#8221; global_colors_info=&#8221;{%22gcid-67cedbd2-2763-4d68-8205-1c4596eb585f%22:%91%22icon_color%22%93}&#8221; theme_builder_area=&#8221;post_content&#8221;][\/et_pb_icon][et_pb_text _builder_version=&#8221;4.16&#8243; _module_preset=&#8221;default&#8221; text_orientation=&#8221;center&#8221; locked=&#8221;off&#8221; global_colors_info=&#8221;{}&#8221; theme_builder_area=&#8221;post_content&#8221;]<strong>De meilleurs services \u00e0 la client\u00e8le<\/strong><\/p>\n<p>Proof of delivery (POD) ensures customers know that their packages have been delivered.[\/et_pb_text][\/et_pb_column][et_pb_column type=&#8221;1_2&#8243; _builder_version=&#8221;4.16&#8243; _module_preset=&#8221;default&#8221; global_colors_info=&#8221;{}&#8221; theme_builder_area=&#8221;post_content&#8221;][et_pb_icon font_icon=&#8221;&#xf3e0;||fa||900&#8243; icon_color=&#8221;gcid-67cedbd2-2763-4d68-8205-1c4596eb585f&#8221; _builder_version=&#8221;4.16&#8243; _module_preset=&#8221;default&#8221; locked=&#8221;off&#8221; global_colors_info=&#8221;{%22gcid-67cedbd2-2763-4d68-8205-1c4596eb585f%22:%91%22icon_color%22%93}&#8221; theme_builder_area=&#8221;post_content&#8221;][\/et_pb_icon][et_pb_text _builder_version=&#8221;4.16&#8243; _module_preset=&#8221;default&#8221; text_orientation=&#8221;center&#8221; locked=&#8221;off&#8221; global_colors_info=&#8221;{}&#8221; theme_builder_area=&#8221;post_content&#8221;]<\/p>\n<p><strong>Livraison optimis\u00e9e<\/strong><\/p>\n<p>Optimisation de la route aide le personnel de livraison r\u00e9duisez le temps de la route et livrez plus en une journ\u00e9e de travail.<\/p>\n<ul><\/ul>\n<p>[\/et_pb_text][\/et_pb_column][\/et_pb_row][\/et_pb_section][et_pb_section fb_built=&#8221;1&#8243; _builder_version=&#8221;4.16&#8243; _module_preset=&#8221;default&#8221; background_color=&#8221;gcid-67cedbd2-2763-4d68-8205-1c4596eb585f&#8221; global_colors_info=&#8221;{%22gcid-67cedbd2-2763-4d68-8205-1c4596eb585f%22:%91%22background_color%22%93}&#8221; global_module=&#8221;27446&#8243; theme_builder_area=&#8221;post_content&#8221;][et_pb_row column_structure=&#8221;3_4,1_4&#8243; _builder_version=&#8221;4.16&#8243; _module_preset=&#8221;default&#8221; global_colors_info=&#8221;{}&#8221; theme_builder_area=&#8221;post_content&#8221;][et_pb_column type=&#8221;3_4&#8243; _builder_version=&#8221;4.16&#8243; _module_preset=&#8221;default&#8221; global_colors_info=&#8221;{}&#8221; theme_builder_area=&#8221;post_content&#8221;][et_pb_text _builder_version=&#8221;4.16&#8243; _dynamic_attributes=&#8221;content&#8221; _module_preset=&#8221;default&#8221; header_4_text_color=&#8221;#FFFFFF&#8221; header_4_font_size=&#8221;33px&#8221; custom_margin=&#8221;7px||||false|false&#8221; global_colors_info=&#8221;{}&#8221; theme_builder_area=&#8221;post_content&#8221;]@ET-DC@eyJkeW5hbWljIjp0cnVlLCJjb250ZW50IjoicG9zdF9leGNlcnB0Iiwic2V0dGluZ3MiOnsiYmVmb3JlIjoiPGgyIHN0eWxlPVwiY29sb3I6d2hpdGU7Zm9udC1zaXplOjMycHhcIj4iLCJhZnRlciI6IjwvaDI+Iiwid29yZHMiOiIiLCJyZWFkX21vcmVfbGFiZWwiOiIifX0=@[\/et_pb_text][\/et_pb_column][et_pb_column type=&#8221;1_4&#8243; _builder_version=&#8221;4.16&#8243; _module_preset=&#8221;default&#8221; global_colors_info=&#8221;{}&#8221; theme_builder_area=&#8221;post_content&#8221;][et_pb_button button_url=&#8221;\/contact\/&#8221; button_text=&#8221;Contact Now&#8221; _builder_version=&#8221;4.16&#8243; _module_preset=&#8221;default&#8221; custom_button=&#8221;on&#8221; button_text_color=&#8221;#FFFFFF&#8221; button_border_color=&#8221;#FFFFFF&#8221; button_use_icon=&#8221;off&#8221; global_colors_info=&#8221;{}&#8221; button_border_width__hover_enabled=&#8221;on|hover&#8221; button_border_width__hover=&#8221;2px&#8221; button_border_color__hover_enabled=&#8221;on|hover&#8221; button_border_color__hover=&#8221;#FFFFFF&#8221; theme_builder_area=&#8221;post_content&#8221;][\/et_pb_button][\/et_pb_column][\/et_pb_row][\/et_pb_section]<\/p>","protected":false},"excerpt":{"rendered":"<p>Contactez-nous pour r\u00e9server une demo<\/p>","protected":false},"author":1,"featured_media":26812,"parent":25533,"menu_order":0,"comment_status":"closed","ping_status":"closed","template":"","meta":{"_et_pb_use_builder":"on","_et_pb_old_content":"<!-- wp:divi\/placeholder \/-->","_et_gb_content_width":"","footnotes":""},"acf":[],"_links":{"self":[{"href":"https:\/\/mibusoft.com\/fr\/wp-json\/wp\/v2\/pages\/26181"}],"collection":[{"href":"https:\/\/mibusoft.com\/fr\/wp-json\/wp\/v2\/pages"}],"about":[{"href":"https:\/\/mibusoft.com\/fr\/wp-json\/wp\/v2\/types\/page"}],"author":[{"embeddable":true,"href":"https:\/\/mibusoft.com\/fr\/wp-json\/wp\/v2\/users\/1"}],"replies":[{"embeddable":true,"href":"https:\/\/mibusoft.com\/fr\/wp-json\/wp\/v2\/comments?post=26181"}],"version-history":[{"count":0,"href":"https:\/\/mibusoft.com\/fr\/wp-json\/wp\/v2\/pages\/26181\/revisions"}],"up":[{"embeddable":true,"href":"https:\/\/mibusoft.com\/fr\/wp-json\/wp\/v2\/pages\/25533"}],"wp:featuredmedia":[{"embeddable":true,"href":"https:\/\/mibusoft.com\/fr\/wp-json\/wp\/v2\/media\/26812"}],"wp:attachment":[{"href":"https:\/\/mibusoft.com\/fr\/wp-json\/wp\/v2\/media?parent=26181"}],"curies":[{"name":"wp","href":"https:\/\/api.w.org\/{rel}","templated":true}]}}