{"id":25925,"date":"2021-11-09T10:41:51","date_gmt":"2021-11-09T15:41:51","guid":{"rendered":"https:\/\/f41338ccfb.nxcli.net\/?page_id=25925"},"modified":"2022-09-28T13:41:23","modified_gmt":"2022-09-28T17:41:23","slug":"support","status":"publish","type":"page","link":"https:\/\/mibusoft.com\/fr\/support\/","title":{"rendered":"Support"},"content":{"rendered":"<p>[et_pb_section fb_built=&#8221;1&#8243; _builder_version=&#8221;4.16&#8243; _module_preset=&#8221;default&#8221; global_colors_info=&#8221;{}&#8221; theme_builder_area=&#8221;post_content&#8221;][et_pb_row _builder_version=&#8221;4.16&#8243; _module_preset=&#8221;default&#8221; global_colors_info=&#8221;{}&#8221; theme_builder_area=&#8221;post_content&#8221;][et_pb_column type=&#8221;4_4&#8243; _builder_version=&#8221;4.16&#8243; _module_preset=&#8221;default&#8221; global_colors_info=&#8221;{}&#8221; theme_builder_area=&#8221;post_content&#8221;][et_pb_text _builder_version=&#8221;4.16&#8243; _module_preset=&#8221;default&#8221; global_colors_info=&#8221;{}&#8221; theme_builder_area=&#8221;post_content&#8221;]<\/p>\n<h2>Demande de support<\/h2>\n<p>[\/et_pb_text][et_pb_text _builder_version=&#8221;4.16&#8243; _module_preset=&#8221;default&#8221; global_colors_info=&#8221;{}&#8221; theme_builder_area=&#8221;post_content&#8221;]<\/p>\n<p>Mibusoft appr\u00e9cie l'investissement que vous avez fait dans votre solution et s'engage \u00e0 vous aider \u00e0 l'utiliser \u00e0 son plein potentiel. Pour vous aider \u00e0 accomplir cela, nous proposons une suite compl\u00e8te d'offres de support Microsoft Dynamics. Pour demander de l'aide, veuillez remplir et soumettre le formulaire ci-dessous.<\/p>\n<p>[\/et_pb_text][et_pb_text _builder_version=&#8221;4.17.3&#8243; _module_preset=&#8221;default&#8221; hover_enabled=&#8221;0&#8243; global_colors_info=&#8221;{}&#8221; theme_builder_area=&#8221;post_content&#8221; sticky_enabled=&#8221;0&#8243;]<br \/>\n<script type=\"text\/javascript\">var gform;gform||(document.addEventListener(\"gform_main_scripts_loaded\",function(){gform.scriptsLoaded=!0}),window.addEventListener(\"DOMContentLoaded\",function(){gform.domLoaded=!0}),gform={domLoaded:!1,scriptsLoaded:!1,initializeOnLoaded:function(o){gform.domLoaded&&gform.scriptsLoaded?o():!gform.domLoaded&&gform.scriptsLoaded?window.addEventListener(\"DOMContentLoaded\",o):document.addEventListener(\"gform_main_scripts_loaded\",o)},hooks:{action:{},filter:{}},addAction:function(o,n,r,t){gform.addHook(\"action\",o,n,r,t)},addFilter:function(o,n,r,t){gform.addHook(\"filter\",o,n,r,t)},doAction:function(o){gform.doHook(\"action\",o,arguments)},applyFilters:function(o){return gform.doHook(\"filter\",o,arguments)},removeAction:function(o,n){gform.removeHook(\"action\",o,n)},removeFilter:function(o,n,r){gform.removeHook(\"filter\",o,n,r)},addHook:function(o,n,r,t,i){null==gform.hooks[o][n]&&(gform.hooks[o][n]=[]);var e=gform.hooks[o][n];null==i&&(i=n+\"_\"+e.length),gform.hooks[o][n].push({tag:i,callable:r,priority:t=null==t?10:t})},doHook:function(n,o,r){var t;if(r=Array.prototype.slice.call(r,1),null!=gform.hooks[n][o]&&((o=gform.hooks[n][o]).sort(function(o,n){return o.priority-n.priority}),o.forEach(function(o){\"function\"!=typeof(t=o.callable)&&(t=window[t]),\"action\"==n?t.apply(null,r):r[0]=t.apply(null,r)})),\"filter\"==n)return r[0]},removeHook:function(o,n,t,i){var r;null!=gform.hooks[o][n]&&(r=(r=gform.hooks[o][n]).filter(function(o,n,r){return!!(null!=i&&i!=o.tag||null!=t&&t!=o.priority)}),gform.hooks[o][n]=r)}});<\/script>\n                <div class='gf_browser_gecko gform_wrapper gravity-theme gform-theme--no-framework' data-form-theme='gravity-theme' data-form-index='0' id='gform_wrapper_6' >\n                        <div class='gform_heading'>\n\t\t\t\t\t\t\t<p class='gform_required_legend'>\u00ab\u00a0<span class=\"gfield_required gfield_required_asterisk\">*<\/span>\u00a0\u00bb indique les champs n\u00e9cessaires<\/p>\n                        <\/div><form method='post' enctype='multipart\/form-data'  id='gform_6'  action='\/fr\/wp-json\/wp\/v2\/pages\/25925' data-formid='6' novalidate data-trp-original-action=\"\/fr\/wp-json\/wp\/v2\/pages\/25925\"> \r\n <input type='hidden' class='gforms-pum' value='{\"closepopup\":false,\"closedelay\":0,\"openpopup\":false,\"openpopup_id\":0}' \/>\n                        <div class='gform-body gform_body'><div id='gform_fields_6' class='gform_fields top_label form_sublabel_above description_above validation_below'><fieldset id=\"field_6_1\" class=\"gfield gfield--type-name gfield_contains_required field_sublabel_above gfield--no-description field_description_above field_validation_below gfield_visibility_visible\"  data-js-reload=\"field_6_1\" ><legend class='gfield_label gform-field-label gfield_label_before_complex' >Nom<span class=\"gfield_required\"><span class=\"gfield_required gfield_required_asterisk\">*<\/span><\/span><\/legend><div class='ginput_complex ginput_container ginput_container--name no_prefix has_first_name no_middle_name has_last_name no_suffix gf_name_has_2 ginput_container_name gform-grid-row' id='input_6_1'>\n                            \n                            <span id='input_6_1_3_container' class='name_first gform-grid-col gform-grid-col--size-auto' >\n                                                    <label for='input_6_1_3' class='gform-field-label gform-field-label--type-sub'>Pr\u00e9nom<\/label>\n                                                    <input type='text' name='input_1.3' id='input_6_1_3' value=''   aria-required='true'     \/>\n                                                <\/span>\n                            \n                            <span id='input_6_1_6_container' class='name_last gform-grid-col gform-grid-col--size-auto' >\n                                                            <label for='input_6_1_6' class='gform-field-label gform-field-label--type-sub'>Nom de Famille<\/label>\n                                                            <input type='text' name='input_1.6' id='input_6_1_6' value=''   aria-required='true'     \/>\n                                                        <\/span>\n                            \n                        <\/div><\/fieldset><div id=\"field_6_6\" class=\"gfield gfield--type-text gfield--width-full gfield_contains_required field_sublabel_above gfield--no-description field_description_above field_validation_below gfield_visibility_visible\"  data-js-reload=\"field_6_6\" ><label class='gfield_label gform-field-label' for='input_6_6'>Compagnie<span class=\"gfield_required\"><span class=\"gfield_required gfield_required_asterisk\">*<\/span><\/span><\/label><div class='ginput_container ginput_container_text'><input name='input_6' id='input_6_6' type='text' value='' class='large'     aria-required=\"true\" aria-invalid=\"false\"   \/> <\/div><\/div><div id=\"field_6_2\" class=\"gfield gfield--type-email gfield--width-half gfield_contains_required field_sublabel_above gfield--no-description field_description_above field_validation_below gfield_visibility_visible\"  data-js-reload=\"field_6_2\" ><label class='gfield_label gform-field-label' for='input_6_2'>Courriel<span class=\"gfield_required\"><span class=\"gfield_required gfield_required_asterisk\">*<\/span><\/span><\/label><div class='ginput_container ginput_container_email'>\n                            <input name='input_2' id='input_6_2' type='email' value='' class='large'    aria-required=\"true\" aria-invalid=\"false\"  \/>\n                        <\/div><\/div><div id=\"field_6_4\" class=\"gfield gfield--type-phone gfield--width-half gfield_contains_required field_sublabel_above gfield--no-description field_description_above field_validation_below gfield_visibility_visible\"  data-js-reload=\"field_6_4\" ><label class='gfield_label gform-field-label' for='input_6_4'>T\u00e9l\u00e9phoner<span class=\"gfield_required\"><span class=\"gfield_required gfield_required_asterisk\">*<\/span><\/span><\/label><div class='ginput_container ginput_container_phone'><input name='input_4' id='input_6_4' type='tel' value='' class='large'   aria-required=\"true\" aria-invalid=\"false\"   \/><\/div><\/div><div id=\"field_6_10\" class=\"gfield gfield--type-select gfield--width-half gfield_contains_required field_sublabel_above gfield--no-description field_description_above field_validation_below gfield_visibility_visible\"  data-js-reload=\"field_6_10\" ><label class='gfield_label gform-field-label' for='input_6_10'>Type<span class=\"gfield_required\"><span class=\"gfield_required gfield_required_asterisk\">*<\/span><\/span><\/label><div class='ginput_container ginput_container_select'><select name='input_10' id='input_6_10' class='large gfield_select'    aria-required=\"true\" aria-invalid=\"false\" ><option value='' ><\/option><option value='Microsoft Dynamics NAV' >Microsoft Dynamics NAV<\/option><option value='Microsoft Dynamics GP' >Microsoft Dynamics GP<\/option><option value='Microsoft Dynamics 365' >Microsoft Dynamics 365<\/option><option value='Microsoft Dynamics CRM' >Microsoft Dynamics CRM<\/option><option value='Microsoft Office 365' >Microsoft Office 365<\/option><option value='Microsoft SharePoint' >Microsoft SharePoint<\/option><option value='Mibusoft SoftPest' >Mibusoft SoftPest<\/option><option value='Mibusoft Any-Warehouse' >Mibusoft Any-Warehouse<\/option><option value='Jet Reports' >Jet Reports<\/option><option value='TimeXtender' >TimeXtender<\/option><option value='TARGIT' >TARGIT<\/option><option value='Other' >Other<\/option><\/select><\/div><\/div><fieldset id=\"field_6_8\" class=\"gfield gfield--type-radio gfield--type-choice gfield--width-full gf_list_inline gfield_contains_required field_sublabel_above gfield--no-description field_description_above field_validation_below gfield_visibility_visible\"  data-js-reload=\"field_6_8\" ><legend class='gfield_label gform-field-label' >Priorit\u00e9<span class=\"gfield_required\"><span class=\"gfield_required gfield_required_asterisk\">*<\/span><\/span><\/legend><div class='ginput_container ginput_container_radio'><div class='gfield_radio' id='input_6_8'>\n\t\t\t<div class='gchoice gchoice_6_8_0'>\n\t\t\t\t\t<input class='gfield-choice-input' name='input_8' type='radio' value='Normal'  id='choice_6_8_0' onchange='gformToggleRadioOther( this )'    \/>\n\t\t\t\t\t<label for='choice_6_8_0' id='label_6_8_0' class='gform-field-label gform-field-label--type-inline'>Normal<\/label>\n\t\t\t<\/div>\n\t\t\t<div class='gchoice gchoice_6_8_1'>\n\t\t\t\t\t<input class='gfield-choice-input' name='input_8' type='radio' value='Urgent'  id='choice_6_8_1' onchange='gformToggleRadioOther( this )'    \/>\n\t\t\t\t\t<label for='choice_6_8_1' id='label_6_8_1' class='gform-field-label gform-field-label--type-inline'>Urgent<\/label>\n\t\t\t<\/div>\n\t\t\t<div class='gchoice gchoice_6_8_2'>\n\t\t\t\t\t<input class='gfield-choice-input' name='input_8' type='radio' value='Critical'  id='choice_6_8_2' onchange='gformToggleRadioOther( this )'    \/>\n\t\t\t\t\t<label for='choice_6_8_2' id='label_6_8_2' class='gform-field-label gform-field-label--type-inline'>Critique<\/label>\n\t\t\t<\/div><\/div><\/div><\/fieldset><div id=\"field_6_9\" class=\"gfield gfield--type-fileupload gfield--width-full field_sublabel_above gfield--no-description field_description_above field_validation_below gfield_visibility_visible\"  data-js-reload=\"field_6_9\" ><label class='gfield_label gform-field-label' for='input_6_9'>Fichier<\/label><div class='ginput_container ginput_container_fileupload'><input type='hidden' name='MAX_FILE_SIZE' value='52428800' \/><input name='input_9' id='input_6_9' type='file' class='large' aria-describedby=\"gfield_upload_rules_6_9\" onchange='javascript:gformValidateFileSize( this, 52428800 );'  \/><span class='gfield_description gform_fileupload_rules' id='gfield_upload_rules_6_9'>Taille maximum des fichiers : 50 MB.<\/span><div class='gfield_description validation_message gfield_validation_message validation_message--hidden-on-empty' id='live_validation_message_6_9'><\/div><\/div><\/div><div id=\"field_6_3\" class=\"gfield gfield--type-textarea gfield_contains_required field_sublabel_above gfield--no-description field_description_above field_validation_below gfield_visibility_visible\"  data-js-reload=\"field_6_3\" ><label class='gfield_label gform-field-label' for='input_6_3'>D\u00e9tails<span class=\"gfield_required\"><span class=\"gfield_required gfield_required_asterisk\">*<\/span><\/span><\/label><div class='ginput_container ginput_container_textarea'><textarea name='input_3' id='input_6_3' class='textarea large'     aria-required=\"true\" aria-invalid=\"false\"   rows='10' cols='50'><\/textarea><\/div><\/div><div id=\"field_6_7\" class=\"gfield gfield--type-captcha gfield--width-full field_sublabel_above gfield--no-description field_description_above field_validation_below gfield_visibility_visible\"  data-js-reload=\"field_6_7\" ><label class='gfield_label gform-field-label' for='input_6_7'>CAPTCHA<\/label><div id='input_6_7' class='ginput_container ginput_recaptcha' data-sitekey='6LejHCMdAAAAAIySZZv8K9qV7jgMGp5lp5WG0mR-'  data-theme='light' data-tabindex='0'  data-badge=''><\/div><\/div><\/div><\/div>\n        <div class='gform_footer top_label'> <input type='submit' id='gform_submit_button_6' class='gform_button button' value='SOUMETTRE'  onclick='if(window[\"gf_submitting_6\"]){return false;}  if( !jQuery(\"#gform_6\")[0].checkValidity || jQuery(\"#gform_6\")[0].checkValidity()){window[\"gf_submitting_6\"]=true;}  ' onkeypress='if( event.keyCode == 13 ){ if(window[\"gf_submitting_6\"]){return false;} if( !jQuery(\"#gform_6\")[0].checkValidity || jQuery(\"#gform_6\")[0].checkValidity()){window[\"gf_submitting_6\"]=true;}  jQuery(\"#gform_6\").trigger(\"submit\",[true]); }' \/> \n            <input type='hidden' class='gform_hidden' name='is_submit_6' value='1' \/>\n            <input type='hidden' class='gform_hidden' name='gform_submit' value='6' \/>\n            \n            <input type='hidden' class='gform_hidden' name='gform_unique_id' value='' \/>\n            <input type='hidden' class='gform_hidden' name='state_6' value='WyJbXSIsIjVlNzE3MWFjYjQ2ODZhZGYyZmEwNTU4MzcxODUxYjIwIl0=' \/>\n            <input type='hidden' class='gform_hidden' name='gform_target_page_number_6' id='gform_target_page_number_6' value='0' \/>\n            <input type='hidden' class='gform_hidden' name='gform_source_page_number_6' id='gform_source_page_number_6' value='1' \/>\n            <input type='hidden' name='gform_field_values' value='' \/>\n            \n        <\/div>\n                        <input type=\"hidden\" name=\"trp-form-language\" value=\"fr\"\/><\/form>\n                        <\/div><script type=\"text\/javascript\">\ngform.initializeOnLoaded( function() {gformInitSpinner( 6, 'https:\/\/mibusoft.com\/wp-content\/plugins\/gravityforms\/images\/spinner.svg', true );jQuery('#gform_ajax_frame_6').on('load',function(){var contents = jQuery(this).contents().find('*').html();var is_postback = contents.indexOf('GF_AJAX_POSTBACK') >= 0;if(!is_postback){return;}var form_content = jQuery(this).contents().find('#gform_wrapper_6');var is_confirmation = jQuery(this).contents().find('#gform_confirmation_wrapper_6').length > 0;var is_redirect = contents.indexOf('gformRedirect(){') >= 0;var is_form = form_content.length > 0 && ! is_redirect && ! is_confirmation;var mt = parseInt(jQuery('html').css('margin-top'), 10) + parseInt(jQuery('body').css('margin-top'), 10) + 100;if(is_form){jQuery('#gform_wrapper_6').html(form_content.html());if(form_content.hasClass('gform_validation_error')){jQuery('#gform_wrapper_6').addClass('gform_validation_error');} else {jQuery('#gform_wrapper_6').removeClass('gform_validation_error');}setTimeout( function() { \/* delay the scroll by 50 milliseconds to fix a bug in chrome *\/  }, 50 );if(window['gformInitDatepicker']) {gformInitDatepicker();}if(window['gformInitPriceFields']) {gformInitPriceFields();}var current_page = jQuery('#gform_source_page_number_6').val();gformInitSpinner( 6, 'https:\/\/mibusoft.com\/wp-content\/plugins\/gravityforms\/images\/spinner.svg', true );jQuery(document).trigger('gform_page_loaded', [6, current_page]);window['gf_submitting_6'] = false;}else if(!is_redirect){var confirmation_content = jQuery(this).contents().find('.GF_AJAX_POSTBACK').html();if(!confirmation_content){confirmation_content = contents;}jQuery('#gform_wrapper_6').replaceWith(confirmation_content);jQuery(document).trigger('gform_confirmation_loaded', [6]);window['gf_submitting_6'] = false;wp.a11y.speak(jQuery('#gform_confirmation_message_6').text());}else{jQuery('#gform_6').append(contents);if(window['gformRedirect']) {gformRedirect();}}jQuery(document).trigger(\"gform_pre_post_render\", [{ formId: \"6\", currentPage: \"current_page\", abort: function() { this.preventDefault(); } }]);                if (event && event.defaultPrevented) {                return;         }        const gformWrapperDiv = document.getElementById( \"gform_wrapper_6\" );        if ( gformWrapperDiv ) {            const visibilitySpan = document.createElement( \"span\" );            visibilitySpan.id = \"gform_visibility_test_6\";            gformWrapperDiv.insertAdjacentElement( \"afterend\", visibilitySpan );        }        const visibilityTestDiv = document.getElementById( \"gform_visibility_test_6\" );        let postRenderFired = false;                function triggerPostRender() {            if ( postRenderFired ) {                return;            }            postRenderFired = true;            jQuery( document ).trigger( 'gform_post_render', [6, current_page] );            gform.utils.trigger( { event: 'gform\/postRender', native: false, data: { formId: 6, currentPage: current_page } } );            if ( visibilityTestDiv ) {                visibilityTestDiv.parentNode.removeChild( visibilityTestDiv );            }        }        function debounce( func, wait, immediate ) {            var timeout;            return function() {                var context = this, args = arguments;                var later = function() {                    timeout = null;                    if ( !immediate ) func.apply( context, args );                };                var callNow = immediate && !timeout;                clearTimeout( timeout );                timeout = setTimeout( later, wait );                if ( callNow ) func.apply( context, args );            };        }        const debouncedTriggerPostRender = debounce( function() {            triggerPostRender();        }, 200 );        if ( visibilityTestDiv && visibilityTestDiv.offsetParent === null ) {            const observer = new MutationObserver( ( mutations ) => {                mutations.forEach( ( mutation ) => {                    if ( mutation.type === 'attributes' && visibilityTestDiv.offsetParent !== null ) {                        debouncedTriggerPostRender();                        observer.disconnect();                    }                });            });            observer.observe( document.body, {                attributes: true,                childList: false,                subtree: true,                attributeFilter: [ 'style', 'class' ],            });        } else {            triggerPostRender();        }    } );} );\n<\/script>\n[\/et_pb_text][et_pb_text _builder_version=&#8221;4.16&#8243; _module_preset=&#8221;default&#8221; global_colors_info=&#8221;{}&#8221; theme_builder_area=&#8221;post_content&#8221;]<\/p>\n<p>Support est aussi disponible en nous contactant au <a href=\"tel:18558854443\">1.855.885.4443<\/a> ou <a href=\"mailto:support@mibusoft.com\">support@mibusoft.com<\/a>.<\/p>\n<p>[\/et_pb_text][\/et_pb_column][\/et_pb_row][\/et_pb_section][et_pb_section fb_built=&#8221;1&#8243; _builder_version=&#8221;4.16&#8243; _module_preset=&#8221;default&#8221; background_color=&#8221;gcid-eb01e228-e5d0-4766-9148-1139d8154b19&#8243; global_colors_info=&#8221;{%22gcid-eb01e228-e5d0-4766-9148-1139d8154b19%22:%91%22background_color%22%93}&#8221; theme_builder_area=&#8221;post_content&#8221;][et_pb_row column_structure=&#8221;2_5,3_5&#8243; _builder_version=&#8221;4.16&#8243; _module_preset=&#8221;default&#8221; link_option_url=&#8221;https:\/\/get.teamviewer.com\/6jkv22r&#8221; link_option_url_new_window=&#8221;on&#8221; global_colors_info=&#8221;{}&#8221; theme_builder_area=&#8221;post_content&#8221;][et_pb_column type=&#8221;2_5&#8243; _builder_version=&#8221;4.16&#8243; _module_preset=&#8221;default&#8221; global_colors_info=&#8221;{}&#8221; theme_builder_area=&#8221;post_content&#8221;][et_pb_text _builder_version=&#8221;4.16&#8243; _module_preset=&#8221;default&#8221; header_2_font=&#8221;|700|||||||&#8221; header_2_font_size=&#8221;58px&#8221; text_orientation=&#8221;right&#8221; custom_margin=&#8221;30px||||false|false&#8221; global_colors_info=&#8221;{}&#8221; theme_builder_area=&#8221;post_content&#8221;]<\/p>\n<h2>T\u00e9l\u00e9charger<\/h2>\n<p>[\/et_pb_text][\/et_pb_column][et_pb_column type=&#8221;3_5&#8243; _builder_version=&#8221;4.16&#8243; _module_preset=&#8221;default&#8221; global_colors_info=&#8221;{}&#8221; theme_builder_area=&#8221;post_content&#8221;][et_pb_image src=&#8221;https:\/\/mibusoft.com\/wp-content\/uploads\/2022\/01\/TeamViewer.png&#8221; alt=&#8221;TeamViewer&#8221; title_text=&#8221;TeamViewer&#8221; _builder_version=&#8221;4.16&#8243; _module_preset=&#8221;default&#8221; global_colors_info=&#8221;{}&#8221; theme_builder_area=&#8221;post_content&#8221;][\/et_pb_image][\/et_pb_column][\/et_pb_row][\/et_pb_section][et_pb_section fb_built=&#8221;1&#8243; _builder_version=&#8221;4.16&#8243; _module_preset=&#8221;default&#8221; background_color=&#8221;gcid-67cedbd2-2763-4d68-8205-1c4596eb585f&#8221; global_colors_info=&#8221;{%22gcid-67cedbd2-2763-4d68-8205-1c4596eb585f%22:%91%22background_color%22%93}&#8221; theme_builder_area=&#8221;post_content&#8221;][et_pb_row column_structure=&#8221;3_4,1_4&#8243; _builder_version=&#8221;4.16&#8243; _module_preset=&#8221;default&#8221; global_colors_info=&#8221;{}&#8221; theme_builder_area=&#8221;post_content&#8221;][et_pb_column type=&#8221;3_4&#8243; _builder_version=&#8221;4.16&#8243; _module_preset=&#8221;default&#8221; global_colors_info=&#8221;{}&#8221; theme_builder_area=&#8221;post_content&#8221;][et_pb_text _builder_version=&#8221;4.16&#8243; _dynamic_attributes=&#8221;content&#8221; _module_preset=&#8221;default&#8221; header_4_text_color=&#8221;#FFFFFF&#8221; header_4_font_size=&#8221;33px&#8221; custom_margin=&#8221;7px||||false|false&#8221; global_colors_info=&#8221;{}&#8221; theme_builder_area=&#8221;post_content&#8221;]@ET-DC@eyJkeW5hbWljIjp0cnVlLCJjb250ZW50IjoicG9zdF9leGNlcnB0Iiwic2V0dGluZ3MiOnsiYmVmb3JlIjoiPGgyIHN0eWxlPVwiY29sb3I6d2hpdGU7Zm9udC1zaXplOjMycHhcIj4iLCJhZnRlciI6IjwvaDI+Iiwid29yZHMiOiIiLCJyZWFkX21vcmVfbGFiZWwiOiIifX0=@[\/et_pb_text][\/et_pb_column][et_pb_column type=&#8221;1_4&#8243; _builder_version=&#8221;4.16&#8243; _module_preset=&#8221;default&#8221; global_colors_info=&#8221;{}&#8221; theme_builder_area=&#8221;post_content&#8221;][et_pb_button button_url=&#8221;\/contact\/&#8221; button_text=&#8221;Contact Now&#8221; _builder_version=&#8221;4.16&#8243; _module_preset=&#8221;default&#8221; custom_button=&#8221;on&#8221; button_text_color=&#8221;#FFFFFF&#8221; button_border_color=&#8221;#FFFFFF&#8221; button_use_icon=&#8221;off&#8221; global_colors_info=&#8221;{}&#8221; button_border_width__hover_enabled=&#8221;on|hover&#8221; button_border_width__hover=&#8221;2px&#8221; button_border_color__hover_enabled=&#8221;on|hover&#8221; button_border_color__hover=&#8221;#FFFFFF&#8221; theme_builder_area=&#8221;post_content&#8221;][\/et_pb_button][\/et_pb_column][\/et_pb_row][\/et_pb_section]<\/p>","protected":false},"excerpt":{"rendered":"<p>Contactez-nous pour toutes autres questions<\/p>","protected":false},"author":1,"featured_media":27300,"parent":0,"menu_order":0,"comment_status":"closed","ping_status":"closed","template":"","meta":{"_et_pb_use_builder":"on","_et_pb_old_content":"<!-- wp:divi\/placeholder \/-->","_et_gb_content_width":"","footnotes":""},"acf":[],"_links":{"self":[{"href":"https:\/\/mibusoft.com\/fr\/wp-json\/wp\/v2\/pages\/25925"}],"collection":[{"href":"https:\/\/mibusoft.com\/fr\/wp-json\/wp\/v2\/pages"}],"about":[{"href":"https:\/\/mibusoft.com\/fr\/wp-json\/wp\/v2\/types\/page"}],"author":[{"embeddable":true,"href":"https:\/\/mibusoft.com\/fr\/wp-json\/wp\/v2\/users\/1"}],"replies":[{"embeddable":true,"href":"https:\/\/mibusoft.com\/fr\/wp-json\/wp\/v2\/comments?post=25925"}],"version-history":[{"count":0,"href":"https:\/\/mibusoft.com\/fr\/wp-json\/wp\/v2\/pages\/25925\/revisions"}],"wp:featuredmedia":[{"embeddable":true,"href":"https:\/\/mibusoft.com\/fr\/wp-json\/wp\/v2\/media\/27300"}],"wp:attachment":[{"href":"https:\/\/mibusoft.com\/fr\/wp-json\/wp\/v2\/media?parent=25925"}],"curies":[{"name":"wp","href":"https:\/\/api.w.org\/{rel}","templated":true}]}}