{"id":25527,"date":"2021-09-16T17:01:21","date_gmt":"2021-09-16T21:01:21","guid":{"rendered":"https:\/\/f41338ccfb.nxcli.net\/?page_id=25527"},"modified":"2022-04-14T11:12:08","modified_gmt":"2022-04-14T15:12:08","slug":"cloud","status":"publish","type":"page","link":"https:\/\/mibusoft.com\/fr\/solutions\/cloud\/","title":{"rendered":"Cloud"},"content":{"rendered":"<p>[et_pb_section fb_built=&#8221;1&#8243; module_class=&#8221;lsm-erp-block&#8221; _builder_version=&#8221;4.16&#8243; _module_preset=&#8221;default&#8221; background_color=&#8221;gcid-eb01e228-e5d0-4766-9148-1139d8154b19&#8243; global_colors_info=&#8221;{%22gcid-eb01e228-e5d0-4766-9148-1139d8154b19%22:%91%22background_color%22%93}&#8221; theme_builder_area=&#8221;post_content&#8221;][et_pb_row _builder_version=&#8221;4.16&#8243; _module_preset=&#8221;default&#8221; global_colors_info=&#8221;{}&#8221; theme_builder_area=&#8221;post_content&#8221;][et_pb_column type=&#8221;4_4&#8243; _builder_version=&#8221;4.16&#8243; _module_preset=&#8221;default&#8221; global_colors_info=&#8221;{}&#8221; theme_builder_area=&#8221;post_content&#8221;][et_pb_text _builder_version=&#8221;4.17.0&#8243; _module_preset=&#8221;default&#8221; global_colors_info=&#8221;{}&#8221; theme_builder_area=&#8221;post_content&#8221;]<\/p>\n<p>Une solution d'h\u00e9bergement est le moyen sans souci de d\u00e9ployer et d'utiliser votre ERP Microsoft Dynamics BC 365. Mibusoft partage un dialogue transparent avec des fournisseurs de services de solutions d'h\u00e9bergement rentables, ce qui signifie que votre entreprise a l'esprit tranquille en sachant que deux partenaires travaillent ensemble avec un objectif commun : s'assurer que votre ERP fonctionne au mieux.<\/p>\n<p>Vous n'avez pas besoin de d\u00e9penser beaucoup d'argent en infrastructure mat\u00e9rielle ou en personnel informatique pour maintenir un serveur pour votre ERP. Mibusoft peut recommander des fournisseurs de services de solution d'h\u00e9bergement qui sont des alternatives viables \u00e0 une installation sur site ou \u00e0 la <a href=\"#azure\">Microsoft Azure<\/a> cloud solution.<\/p>\n<h5>Cloud public ou priv\u00e9<\/h5>\n<p>Si le co\u00fbt et l'\u00e9volutivit\u00e9 de l'h\u00e9bergement sont la principale pr\u00e9occupation de votre entreprise, une solution d'h\u00e9bergement public conviendra tr\u00e8s probablement \u00e0 votre organisation\n\nNous pouvons vous aider \u00e0 faire les bons choix cloud et vous pr\u00e9senter les meilleurs fournisseurs de solutions cloud du march\u00e9.<\/p>\n<p>Si des exigences telles que la flexibilit\u00e9 de la bande passante, la s\u00e9curit\u00e9 fortifi\u00e9e, l'environnement de serveur personnalis\u00e9, le contr\u00f4le de la planification de la maintenance, ainsi que des degr\u00e9s plus \u00e9lev\u00e9s d'acc\u00e8s au serveur et des rapports mensuels qui analysent les performances du serveur sont des besoins tout aussi ou plus importants qui doivent \u00eatre satisfaits, alors une solution d'h\u00e9bergement priv\u00e9 peut avoir plus de sens pour votre entreprise.<\/p>\n<p>Nous pouvons vous aider \u00e0 faire les bons choix cloud et vous pr\u00e9senter les meilleurs fournisseurs de solutions cloud du march\u00e9.<\/p>\n<p>[\/et_pb_text][\/et_pb_column][\/et_pb_row][\/et_pb_section][et_pb_section fb_built=&#8221;1&#8243; module_class=&#8221;lsm-erp-block&#8221; _builder_version=&#8221;4.17.0&#8243; _module_preset=&#8221;default&#8221; background_enable_color=&#8221;off&#8221; global_colors_info=&#8221;{%22gcid-eb01e228-e5d0-4766-9148-1139d8154b19%22:%91%22background_color%22%93}&#8221; theme_builder_area=&#8221;post_content&#8221;][et_pb_row module_id=&#8221;azure&#8221; _builder_version=&#8221;4.17.0&#8243; _module_preset=&#8221;default&#8221; global_colors_info=&#8221;{}&#8221; theme_builder_area=&#8221;post_content&#8221;][et_pb_column type=&#8221;4_4&#8243; _builder_version=&#8221;4.16&#8243; _module_preset=&#8221;default&#8221; global_colors_info=&#8221;{}&#8221; theme_builder_area=&#8221;post_content&#8221;][et_pb_text _builder_version=&#8221;4.16&#8243; _module_preset=&#8221;default&#8221; global_colors_info=&#8221;{}&#8221; theme_builder_area=&#8221;post_content&#8221;]<\/p>\n<h5>Microsoft Azure<\/h5>\n<p>Les entreprises peuvent cr\u00e9er, mettre \u00e0 l'\u00e9chelle et stocker leurs applications m\u00e9tier \u00e0 l'aide de la plateforme cloud Microsoft Azure. Azure est rapide, flexible et abordable - ce qui en fait le bon choix pour les entreprises, les gouvernements, les start-ups du monde entier - et votre entreprise. La s\u00e9curit\u00e9 et la confidentialit\u00e9 sont \u00e0 la base d'Azure, avec l'ensemble d'offres de conformit\u00e9 le plus complet du march\u00e9. Microsoft innove constamment pour soutenir votre d\u00e9veloppement aujourd'hui et \u00e0 mesure que votre entreprise se d\u00e9veloppe.<\/p>\n<p>[\/et_pb_text][\/et_pb_column][\/et_pb_row][\/et_pb_section][et_pb_section fb_built=&#8221;1&#8243; module_class=&#8221;lsm-erp-block&#8221; _builder_version=&#8221;4.17.0&#8243; _module_preset=&#8221;default&#8221; background_color=&#8221;gcid-eb01e228-e5d0-4766-9148-1139d8154b19&#8243; global_colors_info=&#8221;{%22gcid-eb01e228-e5d0-4766-9148-1139d8154b19%22:%91%22background_color%22%93}&#8221; theme_builder_area=&#8221;post_content&#8221;][et_pb_row _builder_version=&#8221;4.16&#8243; _module_preset=&#8221;default&#8221; custom_padding=&#8221;0px|||||&#8221; global_colors_info=&#8221;{}&#8221; theme_builder_area=&#8221;post_content&#8221;][et_pb_column type=&#8221;4_4&#8243; _builder_version=&#8221;4.16&#8243; _module_preset=&#8221;default&#8221; global_colors_info=&#8221;{}&#8221; theme_builder_area=&#8221;post_content&#8221;][et_pb_text _builder_version=&#8221;4.16&#8243; _module_preset=&#8221;default&#8221; custom_margin=&#8221;50px|||||&#8221; global_colors_info=&#8221;{}&#8221; theme_builder_area=&#8221;post_content&#8221;]<\/p>\n<h5>Prise en charge pratique des solutions d'h\u00e9bergement<\/h5>\n<p>Pour les moments o\u00f9 une situation de solution d'h\u00e9bergement d'urgence se produit en dehors des heures d'assistance habituelles, Mibusoft a une personne de contact d'urgence sur appel disponible pour vous aider. <a href=\"tel:18558854443\">1.855.885.4443<\/a> ou <a href=\"mailto:support@mibusoft.com\">support@mibusoft.com<\/a> ou utiliser notre <a href=\"\/fr\/support\/\">formulaire de contact de support<\/a>.<\/p>\n<p>[\/et_pb_text][et_pb_text _builder_version=&#8221;4.16&#8243; _module_preset=&#8221;default&#8221; custom_margin=&#8221;50px|||||&#8221; global_colors_info=&#8221;{}&#8221; theme_builder_area=&#8221;post_content&#8221;]<\/p>\n<h5>Microsoft Office 365<\/h5>\n<p>Si nous regardons \u00e0 l'int\u00e9rieur de la bo\u00eete \u00e0 outils d'une entreprise prosp\u00e8re, que sommes-nous les plus susceptibles de trouver? C'est vrai: la suite Microsoft Office - comprenant Word, Excel, PowerPoint et plus encore. Maintenant, vous pouvez faire passer ces outils au niveau sup\u00e9rieur sans frais initiaux avec Microsoft Office 365, un produit bas\u00e9 sur le cloud que vous payez mensuellement.<\/p>\n<p>Microsoft Office 365 pr\u00e9sente de nombreux avantages par rapport \u00e0 la version install\u00e9e traditionnelle de Microsoft Office. Vous n'avez jamais \u00e0 g\u00e9rer la maintenance du serveur ou des mises \u00e0 jour logicielles - tout est fait automatiquement par Microsoft, et le cloud vous permet d'acc\u00e9der n'importe o\u00f9 \u00e0 vos documents \u00e0 partir de n'importe quel poste de travail ou appareil que vous aimez.<\/p>\n<p>[\/et_pb_text][et_pb_text _builder_version=&#8221;4.16&#8243; _module_preset=&#8221;default&#8221; locked=&#8221;off&#8221; global_colors_info=&#8221;{}&#8221; theme_builder_area=&#8221;post_content&#8221;]<\/p>\n<h5>Microsoft SharePoint<\/h5>\n<p>Le processus d'analyse d\u00e9taill\u00e9e de Mibusoft plongera dans votre entreprise et d\u00e9couvrira comment Dynamics 365 CRM peut vous aider \u00e0 entretenir et gagner plus de prospects. Nos consultants CRM vous aideront \u00e0 naviguer dans le processus d\u00e9cisionnel pour trouver des solutions, mettre en \u0153uvre, vous former et vous soutenir - pour maximiser votre potentiel d\u2019entreprise. Nos experts-conseils de l'industrie ont re\u00e7u la confiance de d'innombrables entreprises canadiennes depuis plus de 14 ans, encourageant la croissance de leur entreprise. Rejoignez-nous!<\/p>\n<p>[\/et_pb_text][\/et_pb_column][\/et_pb_row][\/et_pb_section][et_pb_section fb_built=&#8221;1&#8243; module_class=&#8221;lsm-erp-block&#8221; _builder_version=&#8221;4.16&#8243; _module_preset=&#8221;default&#8221; global_colors_info=&#8221;{}&#8221; theme_builder_area=&#8221;post_content&#8221;][et_pb_row _builder_version=&#8221;4.16&#8243; _module_preset=&#8221;default&#8221; global_colors_info=&#8221;{}&#8221; theme_builder_area=&#8221;post_content&#8221;][et_pb_column type=&#8221;4_4&#8243; _builder_version=&#8221;4.16&#8243; _module_preset=&#8221;default&#8221; global_colors_info=&#8221;{}&#8221; theme_builder_area=&#8221;post_content&#8221;][et_pb_text _builder_version=&#8221;4.16&#8243; _module_preset=&#8221;default&#8221; global_colors_info=&#8221;{}&#8221; theme_builder_area=&#8221;post_content&#8221;]<\/p>\n<h5>Garantie \"Uptime\" de Mibusoft Optimale<\/h5>\n<p>Les temps d'arr\u00eat sont in\u00e9vitables, mais ils peuvent \u00eatre minimis\u00e9s. Chez Mibusoft, nous faisons un effort suppl\u00e9mentaire en optimisant les niveaux de disponibilit\u00e9 \u00e0 \u00ab quatre neuf et demi \u00bb, ce qui vous offre une garantie de \u201cuptime\u201d de 99,995 %. Au cours d'une ann\u00e9e, cela repr\u00e9sente une augmentation consid\u00e9rable de \u201cuptime\u201d par rapport aux autres options de solution d'h\u00e9bergement disponibles sur le march\u00e9, comme le montre le tableau ci-dessous.<\/p>\n<p>[\/et_pb_text][\/et_pb_column][\/et_pb_row][\/et_pb_section][et_pb_section fb_built=&#8221;1&#8243; _builder_version=&#8221;4.16&#8243; _module_preset=&#8221;default&#8221; background_color=&#8221;gcid-67cedbd2-2763-4d68-8205-1c4596eb585f&#8221; global_colors_info=&#8221;{%22gcid-67cedbd2-2763-4d68-8205-1c4596eb585f%22:%91%22background_color%22%93}&#8221; global_module=&#8221;27446&#8243; theme_builder_area=&#8221;post_content&#8221;][et_pb_row column_structure=&#8221;3_4,1_4&#8243; _builder_version=&#8221;4.16&#8243; _module_preset=&#8221;default&#8221; global_colors_info=&#8221;{}&#8221; theme_builder_area=&#8221;post_content&#8221;][et_pb_column type=&#8221;3_4&#8243; _builder_version=&#8221;4.16&#8243; _module_preset=&#8221;default&#8221; global_colors_info=&#8221;{}&#8221; theme_builder_area=&#8221;post_content&#8221;][et_pb_text _builder_version=&#8221;4.16&#8243; _dynamic_attributes=&#8221;content&#8221; _module_preset=&#8221;default&#8221; header_4_text_color=&#8221;#FFFFFF&#8221; header_4_font_size=&#8221;33px&#8221; custom_margin=&#8221;7px||||false|false&#8221; global_colors_info=&#8221;{}&#8221; theme_builder_area=&#8221;post_content&#8221;]@ET-DC@eyJkeW5hbWljIjp0cnVlLCJjb250ZW50IjoicG9zdF9leGNlcnB0Iiwic2V0dGluZ3MiOnsiYmVmb3JlIjoiPGgyIHN0eWxlPVwiY29sb3I6d2hpdGU7Zm9udC1zaXplOjMycHhcIj4iLCJhZnRlciI6IjwvaDI+Iiwid29yZHMiOiIiLCJyZWFkX21vcmVfbGFiZWwiOiIifX0=@[\/et_pb_text][\/et_pb_column][et_pb_column type=&#8221;1_4&#8243; _builder_version=&#8221;4.16&#8243; _module_preset=&#8221;default&#8221; global_colors_info=&#8221;{}&#8221; theme_builder_area=&#8221;post_content&#8221;][et_pb_button button_url=&#8221;\/contact\/&#8221; button_text=&#8221;Contact Now&#8221; _builder_version=&#8221;4.16&#8243; _module_preset=&#8221;default&#8221; custom_button=&#8221;on&#8221; button_text_color=&#8221;#FFFFFF&#8221; button_border_color=&#8221;#FFFFFF&#8221; button_use_icon=&#8221;off&#8221; global_colors_info=&#8221;{}&#8221; button_border_width__hover_enabled=&#8221;on|hover&#8221; button_border_width__hover=&#8221;2px&#8221; button_border_color__hover_enabled=&#8221;on|hover&#8221; button_border_color__hover=&#8221;#FFFFFF&#8221; theme_builder_area=&#8221;post_content&#8221;][\/et_pb_button][\/et_pb_column][\/et_pb_row][\/et_pb_section]<\/p>","protected":false},"excerpt":{"rendered":"<p>Contactez-nous pour parler \u00e0 un sp\u00e9cialiste cloud certifi\u00e9<\/p>","protected":false},"author":1,"featured_media":26170,"parent":25521,"menu_order":0,"comment_status":"closed","ping_status":"closed","template":"","meta":{"_et_pb_use_builder":"on","_et_pb_old_content":"<!-- wp:divi\/placeholder \/-->","_et_gb_content_width":"","footnotes":""},"acf":[],"_links":{"self":[{"href":"https:\/\/mibusoft.com\/fr\/wp-json\/wp\/v2\/pages\/25527"}],"collection":[{"href":"https:\/\/mibusoft.com\/fr\/wp-json\/wp\/v2\/pages"}],"about":[{"href":"https:\/\/mibusoft.com\/fr\/wp-json\/wp\/v2\/types\/page"}],"author":[{"embeddable":true,"href":"https:\/\/mibusoft.com\/fr\/wp-json\/wp\/v2\/users\/1"}],"replies":[{"embeddable":true,"href":"https:\/\/mibusoft.com\/fr\/wp-json\/wp\/v2\/comments?post=25527"}],"version-history":[{"count":0,"href":"https:\/\/mibusoft.com\/fr\/wp-json\/wp\/v2\/pages\/25527\/revisions"}],"up":[{"embeddable":true,"href":"https:\/\/mibusoft.com\/fr\/wp-json\/wp\/v2\/pages\/25521"}],"wp:featuredmedia":[{"embeddable":true,"href":"https:\/\/mibusoft.com\/fr\/wp-json\/wp\/v2\/media\/26170"}],"wp:attachment":[{"href":"https:\/\/mibusoft.com\/fr\/wp-json\/wp\/v2\/media?parent=25527"}],"curies":[{"name":"wp","href":"https:\/\/api.w.org\/{rel}","templated":true}]}}