{"id":25525,"date":"2021-09-16T17:01:06","date_gmt":"2021-09-16T21:01:06","guid":{"rendered":"https:\/\/f41338ccfb.nxcli.net\/?page_id=25525"},"modified":"2025-06-10T12:40:43","modified_gmt":"2025-06-10T16:40:43","slug":"crm","status":"publish","type":"page","link":"https:\/\/mibusoft.com\/fr\/solutions\/crm\/","title":{"rendered":"Dynamics 365 CRM"},"content":{"rendered":"<p>[et_pb_section fb_built=&#8221;1&#8243; _builder_version=&#8221;4.27.4&#8243; _module_preset=&#8221;default&#8221; custom_padding=&#8221;66px||66px||true|&#8221; global_colors_info=&#8221;{}&#8221; theme_builder_area=&#8221;post_content&#8221;][et_pb_row _builder_version=&#8221;4.16&#8243; _module_preset=&#8221;default&#8221; global_colors_info=&#8221;{}&#8221; theme_builder_area=&#8221;post_content&#8221;][et_pb_column type=&#8221;4_4&#8243; _builder_version=&#8221;4.16&#8243; _module_preset=&#8221;default&#8221; global_colors_info=&#8221;{}&#8221; theme_builder_area=&#8221;post_content&#8221;][et_pb_text _builder_version=&#8221;4.27.4&#8243; _module_preset=&#8221;default&#8221; hover_enabled=&#8221;0&#8243; global_colors_info=&#8221;{}&#8221; theme_builder_area=&#8221;post_content&#8221; sticky_enabled=&#8221;0&#8243;]<\/p>\n<h4><span style=\"color: #0070c0;\"><span style=\"color: #0062a9;\"><\/span><\/span><\/h4>\n<h4><span style=\"color: #0070c0;\"><span style=\"color: #0062a9;\">Maximisez votre potentiel commercial avec Dynamics 365 CRM<\/span><o:p><\/o:p><\/span><\/h4>\n<p>&nbsp;<\/p>\n<p><strong><span style=\"color: #0062a9;\">Pourquoi choisir Dynamics 365 CRM ?<\/span><\/strong><\/p>\n<p>Dynamics 365 CRM est un outil complet pour g\u00e9rer efficacement les relations clients. Il permet aux entreprises de suivre les engagements, de contr\u00f4ler les activit\u00e9s commerciales et d'acc\u00e9der \u00e0 des donn\u00e9es pr\u00e9cieuses. Ces informations permettent une prise de d\u00e9cision \u00e9clair\u00e9e, facilitent le d\u00e9veloppement de strat\u00e9gies commerciales innovantes et, in fine, favorisent l'acquisition de nouveaux clients tout en garantissant la fid\u00e9lisation des clients existants.<\/p>\n<p><strong><span style=\"color: #0062a9;\">Int\u00e9gration ERP transparente<\/span><\/strong><\/p>\n<ul>\n<li><a href=\"https:\/\/mibusoft.com\/fr\/solutions\/erp\/\"><span style=\"text-decoration: underline;\">Dynamics Business Central<\/span><\/a><\/li>\n<li><a href=\"https:\/\/mibusoft.com\/fr\/solutions\/finance-and-business-operations\/\"><span style=\"text-decoration: underline;\">Dynamics F&amp;O<\/span><\/a><\/li>\n<\/ul>\n<p><span style=\"color: #0062a9;\"><strong>Stimuler la croissance de votre entreprise avec Mibusoft<\/strong><\/span><\/p>\n<p>Chez Mibusoft, nous comprenons l'importance d'utiliser des technologies de pointe pour renforcer les relations clients et optimiser l'efficacit\u00e9 organisationnelle. Nos clients font confiance \u00e0 Dynamics 365 CRM pour sa capacit\u00e9 \u00e0 rationaliser leurs op\u00e9rations et \u00e0 fournir des informations exploitables qui ouvrent la voie \u00e0 une croissance durable.<\/p>\n<p>Investir dans Dynamics 365 CRM n'est pas seulement adopter une technologie ; c'est une d\u00e9cision strat\u00e9gique visant \u00e0 transformer la fa\u00e7on dont votre entreprise interagit avec ses clients, s'adapte aux exigences du march\u00e9 et atteint ses objectifs. Laissez Dynamics 365 CRM \u00eatre la pierre angulaire de votre strat\u00e9gie commerciale, vous aidant \u00e0 lib\u00e9rer tout le potentiel de votre entreprise et \u00e0 cr\u00e9er une valeur client durable.<\/p>\n<p>[\/et_pb_text][\/et_pb_column][\/et_pb_row][et_pb_row _builder_version=&#8221;4.17.0&#8243; _module_preset=&#8221;default&#8221; global_colors_info=&#8221;{}&#8221; theme_builder_area=&#8221;post_content&#8221;][et_pb_column type=&#8221;4_4&#8243; _builder_version=&#8221;4.17.0&#8243; _module_preset=&#8221;default&#8221; global_colors_info=&#8221;{}&#8221; theme_builder_area=&#8221;post_content&#8221;][et_pb_video src=&#8221;https:\/\/www.youtube.com\/watch?v=Knar1v0aZ9A&#8221; image_src=&#8221;\/\/i.ytimg.com\/vi\/Knar1v0aZ9A\/hqdefault.jpg&#8221; play_icon_color=&#8221;#000000&#8243; thumbnail_overlay_color=&#8221;rgba(0,0,0,0.25)&#8221; _builder_version=&#8221;4.17.0&#8243; _module_preset=&#8221;default&#8221; global_colors_info=&#8221;{}&#8221; theme_builder_area=&#8221;post_content&#8221;][\/et_pb_video][\/et_pb_column][\/et_pb_row][\/et_pb_section][et_pb_section fb_built=&#8221;1&#8243; module_class=&#8221;lsm-erp-block&#8221; _builder_version=&#8221;4.16&#8243; _module_preset=&#8221;default&#8221; background_color=&#8221;gcid-eb01e228-e5d0-4766-9148-1139d8154b19&#8243; locked=&#8221;off&#8221; global_colors_info=&#8221;{%22gcid-eb01e228-e5d0-4766-9148-1139d8154b19%22:%91%22background_color%22%93}&#8221; theme_builder_area=&#8221;post_content&#8221;][et_pb_row _builder_version=&#8221;4.16&#8243; _module_preset=&#8221;default&#8221; custom_padding=&#8221;||0px|||&#8221; global_colors_info=&#8221;{}&#8221; theme_builder_area=&#8221;post_content&#8221;][et_pb_column type=&#8221;4_4&#8243; _builder_version=&#8221;4.16&#8243; _module_preset=&#8221;default&#8221; global_colors_info=&#8221;{}&#8221; theme_builder_area=&#8221;post_content&#8221;][et_pb_text _builder_version=&#8221;4.27.4&#8243; _module_preset=&#8221;default&#8221; global_colors_info=&#8221;{}&#8221; theme_builder_area=&#8221;post_content&#8221;]<\/p>\n<h4><span style=\"color: #0070c0;\"><span style=\"color: #0062a9;\">Simplifier votre parcours de vente<\/span> <o:p><\/o:p><\/span><\/h4>\n<p>[\/et_pb_text][\/et_pb_column][\/et_pb_row][et_pb_row _builder_version=&#8221;4.16&#8243; _module_preset=&#8221;default&#8221; global_colors_info=&#8221;{}&#8221; theme_builder_area=&#8221;post_content&#8221;][et_pb_column type=&#8221;4_4&#8243; _builder_version=&#8221;4.16&#8243; _module_preset=&#8221;default&#8221; global_colors_info=&#8221;{}&#8221; theme_builder_area=&#8221;post_content&#8221;][et_pb_icon font_icon=&#8221;&#xe107;||divi||400&#8243; icon_color=&#8221;gcid-67cedbd2-2763-4d68-8205-1c4596eb585f&#8221; _builder_version=&#8221;4.27.4&#8243; _module_preset=&#8221;default&#8221; global_colors_info=&#8221;{%22gcid-67cedbd2-2763-4d68-8205-1c4596eb585f%22:%91%22icon_color%22%93}&#8221; theme_builder_area=&#8221;post_content&#8221;][\/et_pb_icon][et_pb_text _builder_version=&#8221;4.27.4&#8243; _module_preset=&#8221;default&#8221; text_orientation=&#8221;center&#8221; global_colors_info=&#8221;{}&#8221; theme_builder_area=&#8221;post_content&#8221;]<\/p>\n<h5 style=\"text-align: center;\"><strong><span style=\"color: #0062a9;\">Processus de vente<\/span><\/strong><\/h5>\n<p style=\"text-align: left;\"><strong>Acc\u00e9l\u00e9rateur de vente :<\/strong>:<\/p>\n<p style=\"text-align: left;\">L\u2019Acc\u00e9l\u00e9rateur de vente de Dynamics CRM simplifie le processus de vente en aidant les commerciaux \u00e0 prioriser leurs t\u00e2ches gr\u00e2ce \u00e0 une exp\u00e9rience personnalis\u00e9e. Il r\u00e9duit le temps pass\u00e9 \u00e0 identifier le meilleur client \u00e0 contacter, permettant ainsi aux commerciaux d\u2019optimiser leurs ventes.<\/p>\n<p style=\"text-align: left;\"><strong>Recommandations automatis\u00e9es :<\/strong>:<\/p>\n<p style=\"text-align: left;\">Propose des recommandations intelligentes tout au long du processus de vente, permettant aux commerciaux de prendre des d\u00e9cisions \u00e9clair\u00e9es et rapides. Cette fonctionnalit\u00e9 leur permet d\u2019agir rapidement et de transformer les opportunit\u00e9s en opportunit\u00e9s de vente.<\/p>\n<p style=\"text-align: left;\"><strong>Vue client \u00e0 360 degr\u00e9s :<\/strong><\/p>\n<p style=\"text-align: left;\"><strong> <\/strong>Offre une vue compl\u00e8te du client en consolidant les donn\u00e9es provenant de diverses sources. Cette approche int\u00e9gr\u00e9e permet aux commerciaux d\u2019engager des interactions pertinentes et personnalis\u00e9es, augmentant ainsi consid\u00e9rablement leurs chances de succ\u00e8s commercial.<\/p>\n<p style=\"text-align: left;\"><strong>Gestion simplifi\u00e9e des leads :<\/strong><\/p>\n<p style=\"text-align: left;\"><strong> <\/strong>Gr\u00e2ce \u00e0 des outils et des vues personnalisables, Dynamics CRM permet aux \u00e9quipes commerciales de g\u00e9rer les leads et les opportunit\u00e9s avec plus d\u2019efficacit\u00e9. Cette optimisation am\u00e9liore la productivit\u00e9 et acc\u00e9l\u00e8re la conclusion des transactions.<\/p>\n<p style=\"text-align: left;\"><strong>Informations bas\u00e9es sur l'IA :<\/strong><\/p>\n<p style=\"text-align: left;\"><strong> <\/strong>Une IA avanc\u00e9e pour analyser les donn\u00e9es et fournir aux commerciaux des recommandations concr\u00e8tes. Ces informations intelligentes permettent aux \u00e9quipes commerciales de prioriser leurs efforts et de se concentrer sur les t\u00e2ches les plus critiques, optimisant ainsi l'efficacit\u00e9 et les r\u00e9sultats.<\/p>\n<p style=\"text-align: left;\"><strong>Vente collaborative :<\/strong><\/p>\n<p style=\"text-align: left;\"><strong> <\/strong>Dynamics CRM permet aux \u00e9quipes commerciales de collaborer sans effort, favorisant une approche unifi\u00e9e o\u00f9 chaque membre de l'\u00e9quipe est synchronis\u00e9 et contribue activement \u00e0 la rationalisation et \u00e0 l'acc\u00e9l\u00e9ration du cycle de vente.<\/p>\n<p>[\/et_pb_text][\/et_pb_column][\/et_pb_row][\/et_pb_section][et_pb_section fb_built=&#8221;1&#8243; module_class=&#8221;lsm-erp-block&#8221; _builder_version=&#8221;4.27.4&#8243; _module_preset=&#8221;default&#8221; locked=&#8221;off&#8221; global_colors_info=&#8221;{}&#8221; theme_builder_area=&#8221;post_content&#8221;][et_pb_row _builder_version=&#8221;4.16&#8243; _module_preset=&#8221;default&#8221; custom_padding=&#8221;||0px|||&#8221; global_colors_info=&#8221;{}&#8221; theme_builder_area=&#8221;post_content&#8221;][et_pb_column type=&#8221;4_4&#8243; _builder_version=&#8221;4.16&#8243; _module_preset=&#8221;default&#8221; global_colors_info=&#8221;{}&#8221; theme_builder_area=&#8221;post_content&#8221;][et_pb_text _builder_version=&#8221;4.27.4&#8243; _module_preset=&#8221;default&#8221; global_colors_info=&#8221;{}&#8221; theme_builder_area=&#8221;post_content&#8221;]<\/p>\n<h5><span style=\"color: #0062a9;\">L\u00e0 o\u00f9 chaque interaction client compte<\/span><\/h5>\n<p>[\/et_pb_text][\/et_pb_column][\/et_pb_row][et_pb_row column_structure=&#8221;1_2,1_2&#8243; _builder_version=&#8221;4.16&#8243; _module_preset=&#8221;default&#8221; global_colors_info=&#8221;{}&#8221; theme_builder_area=&#8221;post_content&#8221;][et_pb_column type=&#8221;1_2&#8243; _builder_version=&#8221;4.16&#8243; _module_preset=&#8221;default&#8221; global_colors_info=&#8221;{}&#8221; theme_builder_area=&#8221;post_content&#8221;][et_pb_icon font_icon=&#8221;&#xf891;||fa||900&#8243; icon_color=&#8221;gcid-67cedbd2-2763-4d68-8205-1c4596eb585f&#8221; _builder_version=&#8221;4.16&#8243; _module_preset=&#8221;default&#8221; global_colors_info=&#8221;{%22gcid-67cedbd2-2763-4d68-8205-1c4596eb585f%22:%91%22icon_color%22%93}&#8221; theme_builder_area=&#8221;post_content&#8221;][\/et_pb_icon][et_pb_text _builder_version=&#8221;4.27.4&#8243; _module_preset=&#8221;default&#8221; text_orientation=&#8221;center&#8221; global_colors_info=&#8221;{}&#8221; theme_builder_area=&#8221;post_content&#8221;]<\/p>\n<p style=\"text-align: center;\"><strong><\/strong><\/p>\n<p style=\"text-align: left;\"><strong><\/strong><\/p>\n<p><strong><\/strong><\/p>\n<h5><strong><span style=\"color: #0062a9;\">Suivre les clients<\/span><\/strong><\/h5>\n<p style=\"text-align: center;\"><strong>Suivi des activit\u00e9s :<\/strong><\/p>\n<p style=\"text-align: left;\"><strong> <\/strong>Dynamics CRM vous permet de documenter minutieusement chaque interaction client. Des courriels et appels t\u00e9l\u00e9phoniques aux rendez-vous et t\u00e2ches, le syst\u00e8me garantit un historique complet et facilement accessible des communications, favorisant ainsi des relations clients plus solides et plus \u00e9clair\u00e9es.<\/p>\n<p style=\"text-align: center;\"><strong>Fonctionnalit\u00e9 de suivi :<\/strong><\/p>\n<p style=\"text-align: left;\"><strong> <\/strong>La fonctionnalit\u00e9 de \"follow\" vous permet de suivre des enregistrements sp\u00e9cifiques sans en modifier la propri\u00e9t\u00e9. Vous restez ainsi inform\u00e9 en toute simplicit\u00e9 des enregistrements et activit\u00e9s clients importants.<\/p>\n<p style=\"text-align: center;\"><strong>Vue client unifi\u00e9e :<\/strong><\/p>\n<p style=\"text-align: left;\"><strong> <\/strong>La plateforme consolide les donn\u00e9es clients provenant de sources multiples, notamment les opportunit\u00e9s commerciales, les demandes d'assistance et les informations d'utilisation. Cette perspective globale permet une gestion et un suivi efficaces des relations clients.<\/p>\n<p>[\/et_pb_text][\/et_pb_column][et_pb_column type=&#8221;1_2&#8243; _builder_version=&#8221;4.16&#8243; _module_preset=&#8221;default&#8221; global_colors_info=&#8221;{}&#8221; theme_builder_area=&#8221;post_content&#8221;][et_pb_icon font_icon=&#8221;&#xf164;||fa||400&#8243; icon_color=&#8221;gcid-67cedbd2-2763-4d68-8205-1c4596eb585f&#8221; _builder_version=&#8221;4.16&#8243; _module_preset=&#8221;default&#8221; locked=&#8221;off&#8221; global_colors_info=&#8221;{%22gcid-67cedbd2-2763-4d68-8205-1c4596eb585f%22:%91%22icon_color%22%93}&#8221; theme_builder_area=&#8221;post_content&#8221;][\/et_pb_icon][et_pb_text _builder_version=&#8221;4.27.4&#8243; _module_preset=&#8221;default&#8221; text_orientation=&#8221;center&#8221; locked=&#8221;off&#8221; global_colors_info=&#8221;{}&#8221; theme_builder_area=&#8221;post_content&#8221;]<\/p>\n<h5 style=\"text-align: center;\"><\/h5>\n<h5 style=\"text-align: left;\"><\/h5>\n<h5 style=\"text-align: center;\"><\/h5>\n<h5 style=\"text-align: center;\"><strong><span style=\"color: #0062a9;\">Livrer sur les promesses<\/span><\/strong><\/h5>\n<p style=\"text-align: center;\"><strong>Promesse de commande :<\/strong><\/p>\n<p style=\"text-align: left;\"><strong> <\/strong>Dynamics CRM offre des fonctionnalit\u00e9s avanc\u00e9es de promesse de commande qui d\u00e9terminent les dates d'exp\u00e9dition et de r\u00e9ception les plus proches possibles gr\u00e2ce \u00e0 diff\u00e9rentes m\u00e9thodes de contr\u00f4le des dates de livraison. Cette fonctionnalit\u00e9 vous permet de fournir \u00e0 vos clients des engagements de livraison fiables et de les respecter syst\u00e9matiquement.<\/p>\n<p><strong>Transparence d\u2019inventaire en temps r\u00e9el :<\/strong><\/p>\n<p><strong> <\/strong>Le syst\u00e8me offre des informations compl\u00e8tes et actualis\u00e9es sur les niveaux d\u2019inventaire, incluant les stocks non engag\u00e9s, les d\u00e9lais de livraison et les r\u00e9ceptions \u00e0 venir. Cette clart\u00e9 permet de garantir des engagements pr\u00e9cis concernant la disponibilit\u00e9 des produits et les calendriers de livraison.<\/p>\n<p><strong>Mises \u00e0 jour automatis\u00e9es :<\/strong><\/p>\n<p><strong> <\/strong>Ajuste en toute transparence les d\u00e9tails des promesses de commande en fonction des variations de quantit\u00e9s ou des calendriers de livraison, garantissant ainsi aux clients des informations de livraison toujours pr\u00e9cises.<\/p>\n<p>[\/et_pb_text][\/et_pb_column][\/et_pb_row][\/et_pb_section][et_pb_section fb_built=&#8221;1&#8243; module_class=&#8221;lsm-erp-block&#8221; _builder_version=&#8221;4.27.4&#8243; _module_preset=&#8221;default&#8221; background_color=&#8221;gcid-eb01e228-e5d0-4766-9148-1139d8154b19&#8243; locked=&#8221;off&#8221; global_colors_info=&#8221;{%22gcid-eb01e228-e5d0-4766-9148-1139d8154b19%22:%91%22background_color%22%93}&#8221; theme_builder_area=&#8221;post_content&#8221;][et_pb_row _builder_version=&#8221;4.16&#8243; _module_preset=&#8221;default&#8221; custom_padding=&#8221;||0px|||&#8221; global_colors_info=&#8221;{}&#8221; theme_builder_area=&#8221;post_content&#8221;][et_pb_column type=&#8221;4_4&#8243; _builder_version=&#8221;4.16&#8243; _module_preset=&#8221;default&#8221; global_colors_info=&#8221;{}&#8221; theme_builder_area=&#8221;post_content&#8221;][et_pb_text _builder_version=&#8221;4.27.4&#8243; _module_preset=&#8221;default&#8221; global_colors_info=&#8221;{}&#8221; theme_builder_area=&#8221;post_content&#8221;]<\/p>\n<h5>Marketing simplifi\u00e9, r\u00e9sultats performants<\/h5>\n<p>[\/et_pb_text][\/et_pb_column][\/et_pb_row][et_pb_row column_structure=&#8221;1_2,1_2&#8243; _builder_version=&#8221;4.27.4&#8243; _module_preset=&#8221;default&#8221; global_colors_info=&#8221;{}&#8221; theme_builder_area=&#8221;post_content&#8221;][et_pb_column type=&#8221;1_2&#8243; _builder_version=&#8221;4.16&#8243; _module_preset=&#8221;default&#8221; global_colors_info=&#8221;{}&#8221; theme_builder_area=&#8221;post_content&#8221;][et_pb_icon font_icon=&#8221;&#xe0d9;||divi||400&#8243; icon_color=&#8221;gcid-67cedbd2-2763-4d68-8205-1c4596eb585f&#8221; _builder_version=&#8221;4.16&#8243; _module_preset=&#8221;default&#8221; global_colors_info=&#8221;{%22gcid-67cedbd2-2763-4d68-8205-1c4596eb585f%22:%91%22icon_color%22%93}&#8221; theme_builder_area=&#8221;post_content&#8221;][\/et_pb_icon][et_pb_text _builder_version=&#8221;4.27.4&#8243; _module_preset=&#8221;default&#8221; text_orientation=&#8221;center&#8221; global_colors_info=&#8221;{}&#8221; theme_builder_area=&#8221;post_content&#8221;]<\/p>\n<h5><strong><\/strong><\/h5>\n<h5><strong>Faites confiance \u00e0 vos donn\u00e9es<\/strong><\/h5>\n<p><strong>Qualit\u00e9 et maintenance des donn\u00e9es :<\/strong><\/p>\n<p><strong> <\/strong>Pr\u00e9servez l'int\u00e9grit\u00e9 de vos donn\u00e9es CRM en les validant et en les mettant \u00e0 jour r\u00e9guli\u00e8rement. L'\u00e9limination des inexactitudes et des incoh\u00e9rences garantit que vos campagnes marketing s'appuient sur des informations fiables, facilitant ainsi la prise de d\u00e9cisions strat\u00e9giques et une ex\u00e9cution efficace.<\/p>\n<p><strong>Suivi des performances et analyses :<\/strong><\/p>\n<p><strong> <\/strong>Utilisez les analyses CRM pour \u00e9valuer l'efficacit\u00e9 de vos campagnes. \u00c9valuez les indicateurs cl\u00e9s tels que les taux d'ouverture, de clics et de conversion afin d'identifier les strat\u00e9gies efficaces et les axes d'am\u00e9lioration.<\/p>\n<p>En adoptant une m\u00e9thodologie bas\u00e9e sur les donn\u00e9es, vous pouvez affiner vos campagnes \u00e0 venir et obtenir de meilleurs r\u00e9sultats.<\/p>\n<p>[\/et_pb_text][\/et_pb_column][et_pb_column type=&#8221;1_2&#8243; _builder_version=&#8221;4.16&#8243; _module_preset=&#8221;default&#8221; global_colors_info=&#8221;{}&#8221; theme_builder_area=&#8221;post_content&#8221;][et_pb_icon font_icon=&#8221;&#xf140;||fa||900&#8243; icon_color=&#8221;gcid-67cedbd2-2763-4d68-8205-1c4596eb585f&#8221; _builder_version=&#8221;4.16&#8243; _module_preset=&#8221;default&#8221; locked=&#8221;off&#8221; global_colors_info=&#8221;{%22gcid-67cedbd2-2763-4d68-8205-1c4596eb585f%22:%91%22icon_color%22%93}&#8221; theme_builder_area=&#8221;post_content&#8221;][\/et_pb_icon][et_pb_text _builder_version=&#8221;4.27.4&#8243; _module_preset=&#8221;default&#8221; text_orientation=&#8221;center&#8221; locked=&#8221;off&#8221; global_colors_info=&#8221;{}&#8221; theme_builder_area=&#8221;post_content&#8221;]<\/p>\n<p><strong style=\"font-family: Montserrat, Helvetica, Arial, Lucida, sans-serif; font-size: 34px;\"><\/strong><\/p>\n<p><strong style=\"font-family: Montserrat, Helvetica, Arial, Lucida, sans-serif; font-size: 34px;\"><\/strong><\/p>\n<p><strong style=\"font-family: Montserrat, Helvetica, Arial, Lucida, sans-serif; font-size: 34px;\">Ciblez la bonne audience<\/strong><\/p>\n<p><strong>Cr\u00e9ation avanc\u00e9e de segments :<\/strong><\/p>\n<p>Cr\u00e9ez des segments d'audience extr\u00eamement pr\u00e9cis en exploitant les donn\u00e9es des contacts et des prospects. La plateforme propose des descriptions en langage naturel et un g\u00e9n\u00e9rateur de logique par glisser-d\u00e9poser convivial, garantissant ainsi que vos campagnes atteignent facilement l'audience la plus pertinente.<\/p>\n<p><strong>Engagement audience cross-canal :<\/strong><\/p>\n<p>Dynamics CRM vous offre des outils pour communiquer avec votre audience via divers canaux tels que le courriel, les r\u00e9seaux sociaux, les pages de destination d\u00e9di\u00e9es et les interactions t\u00e9l\u00e9phoniques.<\/p>\n<p>Ses flux de travail automatis\u00e9s et ses informations en temps r\u00e9el facilitent un rec\u00e2blage efficace et l'am\u00e9lioration continue de vos strat\u00e9gies de campagne.<\/p>\n<p>[\/et_pb_text][\/et_pb_column][\/et_pb_row][\/et_pb_section][et_pb_section fb_built=&#8221;1&#8243; module_class=&#8221;lsm-erp-block&#8221; _builder_version=&#8221;4.16&#8243; _module_preset=&#8221;default&#8221; locked=&#8221;off&#8221; global_colors_info=&#8221;{}&#8221; theme_builder_area=&#8221;post_content&#8221;][et_pb_row _builder_version=&#8221;4.27.4&#8243; _module_preset=&#8221;default&#8221; global_colors_info=&#8221;{}&#8221; theme_builder_area=&#8221;post_content&#8221;][et_pb_column type=&#8221;4_4&#8243; _builder_version=&#8221;4.16&#8243; _module_preset=&#8221;default&#8221; global_colors_info=&#8221;{}&#8221; theme_builder_area=&#8221;post_content&#8221;][et_pb_text _builder_version=&#8221;4.27.4&#8243; _module_preset=&#8221;default&#8221; locked=&#8221;off&#8221; global_colors_info=&#8221;{}&#8221; theme_builder_area=&#8221;post_content&#8221;]<\/p>\n<h4><span style=\"color: #0070c0;\"><span style=\"color: #0062a9;\">Transformez votre parcours CRM avec Mibusoft<\/span> <o:p><\/o:p><\/span><\/h4>\n<p>Le processus d'analyse complet de Mibusoft analyse en profondeur votre entreprise pour d\u00e9couvrir comment Dynamics 365 CRM peut vous permettre de d\u00e9velopper et d'obtenir davantage de prospects. Nos sp\u00e9cialistes CRM vous guidera \u00e0 chaque \u00e9tape du processus d\u00e9cisionnel, de l'identification des solutions \u00e0 la mise en \u0153uvre, en passant par la formation et le soutien continu, pour vous aider \u00e0 exploiter pleinement le potentiel de votre entreprise. Depuis plus de 25 ans, nos consultants, leaders du secteur, ont gagn\u00e9 la confiance de nombreuses entreprises canadiennes, contribuant ainsi \u00e0 leur croissance et \u00e0 leur r\u00e9ussite. Nous pouvons grandir ensemble!<\/p>\n<p>[\/et_pb_text][\/et_pb_column][\/et_pb_row][\/et_pb_section][et_pb_section fb_built=&#8221;1&#8243; _builder_version=&#8221;4.16&#8243; _module_preset=&#8221;default&#8221; background_color=&#8221;gcid-67cedbd2-2763-4d68-8205-1c4596eb585f&#8221; global_colors_info=&#8221;{%22gcid-67cedbd2-2763-4d68-8205-1c4596eb585f%22:%91%22background_color%22%93}&#8221; theme_builder_area=&#8221;post_content&#8221;][et_pb_row column_structure=&#8221;3_4,1_4&#8243; _builder_version=&#8221;4.16&#8243; _module_preset=&#8221;default&#8221; global_colors_info=&#8221;{}&#8221; theme_builder_area=&#8221;post_content&#8221;][et_pb_column type=&#8221;3_4&#8243; _builder_version=&#8221;4.16&#8243; _module_preset=&#8221;default&#8221; global_colors_info=&#8221;{}&#8221; theme_builder_area=&#8221;post_content&#8221;][et_pb_text _builder_version=&#8221;4.16&#8243; _dynamic_attributes=&#8221;content&#8221; _module_preset=&#8221;default&#8221; header_4_text_color=&#8221;#FFFFFF&#8221; header_4_font_size=&#8221;33px&#8221; custom_margin=&#8221;7px||||false|false&#8221; global_colors_info=&#8221;{}&#8221; theme_builder_area=&#8221;post_content&#8221;]@ET-DC@eyJkeW5hbWljIjp0cnVlLCJjb250ZW50IjoicG9zdF9leGNlcnB0Iiwic2V0dGluZ3MiOnsiYmVmb3JlIjoiPGgyIHN0eWxlPVwiY29sb3I6d2hpdGU7Zm9udC1zaXplOjMycHhcIj4iLCJhZnRlciI6IjwvaDI+Iiwid29yZHMiOiIiLCJyZWFkX21vcmVfbGFiZWwiOiIifX0=@[\/et_pb_text][\/et_pb_column][et_pb_column type=&#8221;1_4&#8243; _builder_version=&#8221;4.16&#8243; _module_preset=&#8221;default&#8221; global_colors_info=&#8221;{}&#8221; theme_builder_area=&#8221;post_content&#8221;][et_pb_button button_url=&#8221;\/contact\/&#8221; button_text=&#8221;Contact Now&#8221; _builder_version=&#8221;4.16&#8243; _module_preset=&#8221;default&#8221; custom_button=&#8221;on&#8221; button_text_color=&#8221;#FFFFFF&#8221; button_border_color=&#8221;#FFFFFF&#8221; button_use_icon=&#8221;off&#8221; global_colors_info=&#8221;{}&#8221; button_border_width__hover_enabled=&#8221;on|hover&#8221; button_border_width__hover=&#8221;2px&#8221; button_border_color__hover_enabled=&#8221;on|hover&#8221; button_border_color__hover=&#8221;#FFFFFF&#8221; theme_builder_area=&#8221;post_content&#8221;][\/et_pb_button][\/et_pb_column][\/et_pb_row][\/et_pb_section]<\/p>","protected":false},"excerpt":{"rendered":"<p>Contactez-nous pour parler aux experts CRM<\/p>","protected":false},"author":1,"featured_media":26953,"parent":25521,"menu_order":0,"comment_status":"closed","ping_status":"closed","template":"","meta":{"_et_pb_use_builder":"on","_et_pb_old_content":"<!-- wp:divi\/placeholder \/-->","_et_gb_content_width":"","footnotes":""},"acf":[],"_links":{"self":[{"href":"https:\/\/mibusoft.com\/fr\/wp-json\/wp\/v2\/pages\/25525"}],"collection":[{"href":"https:\/\/mibusoft.com\/fr\/wp-json\/wp\/v2\/pages"}],"about":[{"href":"https:\/\/mibusoft.com\/fr\/wp-json\/wp\/v2\/types\/page"}],"author":[{"embeddable":true,"href":"https:\/\/mibusoft.com\/fr\/wp-json\/wp\/v2\/users\/1"}],"replies":[{"embeddable":true,"href":"https:\/\/mibusoft.com\/fr\/wp-json\/wp\/v2\/comments?post=25525"}],"version-history":[{"count":0,"href":"https:\/\/mibusoft.com\/fr\/wp-json\/wp\/v2\/pages\/25525\/revisions"}],"up":[{"embeddable":true,"href":"https:\/\/mibusoft.com\/fr\/wp-json\/wp\/v2\/pages\/25521"}],"wp:featuredmedia":[{"embeddable":true,"href":"https:\/\/mibusoft.com\/fr\/wp-json\/wp\/v2\/media\/26953"}],"wp:attachment":[{"href":"https:\/\/mibusoft.com\/fr\/wp-json\/wp\/v2\/media?parent=25525"}],"curies":[{"name":"wp","href":"https:\/\/api.w.org\/{rel}","templated":true}]}}