{"id":25504,"date":"2021-09-16T16:57:45","date_gmt":"2021-09-16T20:57:45","guid":{"rendered":"https:\/\/f41338ccfb.nxcli.net\/?page_id=25504"},"modified":"2025-01-03T11:01:03","modified_gmt":"2025-01-03T16:01:03","slug":"pharmaceutical-healthcare","status":"publish","type":"page","link":"https:\/\/mibusoft.com\/fr\/industries\/pharmaceutical-healthcare\/","title":{"rendered":"Pharmaceutique et Soins de Sant\u00e9"},"content":{"rendered":"<p>[et_pb_section fb_built=&#8221;1&#8243; module_class=&#8221;lsm-erp-block&#8221; _builder_version=&#8221;4.16&#8243; _module_preset=&#8221;default&#8221; global_colors_info=&#8221;{}&#8221; theme_builder_area=&#8221;post_content&#8221;][et_pb_row _builder_version=&#8221;4.16&#8243; _module_preset=&#8221;default&#8221; global_colors_info=&#8221;{}&#8221; theme_builder_area=&#8221;post_content&#8221;][et_pb_column type=&#8221;4_4&#8243; _builder_version=&#8221;4.16&#8243; _module_preset=&#8221;default&#8221; global_colors_info=&#8221;{}&#8221; theme_builder_area=&#8221;post_content&#8221;][et_pb_text _builder_version=&#8221;4.17.0&#8243; _module_preset=&#8221;default&#8221; global_colors_info=&#8221;{}&#8221; theme_builder_area=&#8221;post_content&#8221;]<\/p>\n<h5>Impl\u00e9mentez une solution ERP\/CRM et profitez de nombreux avantages<\/h5>\n<p><strong>Les solutions pour le succ\u00e8s pharmaceutique et des soins de sant\u00e9<\/strong><\/p>\n<ul>\n<li>Microsoft Dynamics 365 \/ BC 365 \/ NAV<\/li>\n<li>Microsoft Dynamics CRM<\/li>\n<li>Business Intelligence \u2013 Jet Reports<\/li>\n<li>Solutions \u201cAdd-On\u201d Pharmaceutiques<\/li>\n<li>Mibusoft Swift Dispatch<\/li>\n<li>Mibusoft Any-Warehouse<\/li>\n<\/ul>\n<p>Comme tant d'industries, le segment pharmaceutique s'est internationalis\u00e9. Pour rester comp\u00e9titifs et viables, les processus m\u00e9tier doivent \u00eatre rationalis\u00e9s. Cela permettra une production plus rapide tout en respectant les exigences r\u00e9glementaires<\/p>\n<p>Une solution ERP\/CRM bas\u00e9e sur Microsoft concevoir d\u00e9ployer et finaliser par Mibusoft est le rem\u00e8de parfait. Il permettra \u00e0 votre organisation pharmaceutique de consolider et d'int\u00e9grer ses processus de fabrication dans plusieurs unit\u00e9s, vous donnant la possibilit\u00e9 d'am\u00e9liorer \u00e0 la fois la production et les co\u00fbts. Avec une solution ERP\/CRM unifi\u00e9e, vous serez en mesure de surveiller les donn\u00e9es op\u00e9rationnelles cl\u00e9s de toutes les unit\u00e9s, am\u00e9liorant la gestion de la conformit\u00e9, de la formulation, de la distribution, de l'expiration, des inventaires, des co\u00fbts, du rendement, des ventes et du marketing, des finances, du contr\u00f4le des documents et plus encore.<\/p>\n<p>[\/et_pb_text][\/et_pb_column][\/et_pb_row][\/et_pb_section][et_pb_section fb_built=&#8221;1&#8243; module_class=&#8221;lsm-erp-block&#8221; _builder_version=&#8221;4.16&#8243; _module_preset=&#8221;default&#8221; background_color=&#8221;gcid-eb01e228-e5d0-4766-9148-1139d8154b19&#8243; global_colors_info=&#8221;{%22gcid-eb01e228-e5d0-4766-9148-1139d8154b19%22:%91%22background_color%22%93}&#8221; theme_builder_area=&#8221;post_content&#8221;][et_pb_row _builder_version=&#8221;4.16&#8243; _module_preset=&#8221;default&#8221; custom_padding=&#8221;||0px|||&#8221; global_colors_info=&#8221;{}&#8221; theme_builder_area=&#8221;post_content&#8221;][et_pb_column type=&#8221;4_4&#8243; _builder_version=&#8221;4.16&#8243; _module_preset=&#8221;default&#8221; global_colors_info=&#8221;{}&#8221; theme_builder_area=&#8221;post_content&#8221;][et_pb_text _builder_version=&#8221;4.16&#8243; _module_preset=&#8221;default&#8221; global_colors_info=&#8221;{}&#8221; theme_builder_area=&#8221;post_content&#8221;]<\/p>\n<h5>Soins de Sant\u00e9 ERP\/CRM<\/h5>\n<p>[\/et_pb_text][\/et_pb_column][\/et_pb_row][et_pb_row column_structure=&#8221;1_2,1_2&#8243; _builder_version=&#8221;4.16&#8243; _module_preset=&#8221;default&#8221; global_colors_info=&#8221;{}&#8221; theme_builder_area=&#8221;post_content&#8221;][et_pb_column type=&#8221;1_2&#8243; _builder_version=&#8221;4.16&#8243; _module_preset=&#8221;default&#8221; global_colors_info=&#8221;{}&#8221; theme_builder_area=&#8221;post_content&#8221;][et_pb_icon font_icon=&#8221;&#xf477;||fa||900&#8243; icon_color=&#8221;gcid-67cedbd2-2763-4d68-8205-1c4596eb585f&#8221; _builder_version=&#8221;4.16&#8243; _module_preset=&#8221;default&#8221; global_colors_info=&#8221;{%22gcid-67cedbd2-2763-4d68-8205-1c4596eb585f%22:%91%22icon_color%22%93}&#8221; theme_builder_area=&#8221;post_content&#8221;][\/et_pb_icon][et_pb_text _builder_version=&#8221;4.16&#8243; _module_preset=&#8221;default&#8221; text_orientation=&#8221;center&#8221; global_colors_info=&#8221;{}&#8221; theme_builder_area=&#8221;post_content&#8221;]<\/p>\n<p>Les fournisseurs de soins de sant\u00e9 veulent fournir les meilleurs soins possibles aux patients tout en ma\u00eetrisant les co\u00fbts. Cela peut \u00eatre un d\u00e9fi pour de nombreux organismes de sant\u00e9, car ils sont accabl\u00e9s par une solution h\u00e9rit\u00e9e qui ne fournit pas les comp\u00e9tences requises. il n'a pas la capacit\u00e9 d'int\u00e9grer de mani\u00e8re transparente les nouvelles technologies et repr\u00e9sente une perte de temps et d'argent pour les ressources informatiques<\/p>\n<p>[\/et_pb_text][\/et_pb_column][et_pb_column type=&#8221;1_2&#8243; _builder_version=&#8221;4.16&#8243; _module_preset=&#8221;default&#8221; global_colors_info=&#8221;{}&#8221; theme_builder_area=&#8221;post_content&#8221;][et_pb_icon font_icon=&#8221;&#xf478;||fa||900&#8243; icon_color=&#8221;gcid-67cedbd2-2763-4d68-8205-1c4596eb585f&#8221; _builder_version=&#8221;4.16&#8243; _module_preset=&#8221;default&#8221; locked=&#8221;off&#8221; global_colors_info=&#8221;{%22gcid-67cedbd2-2763-4d68-8205-1c4596eb585f%22:%91%22icon_color%22%93}&#8221; theme_builder_area=&#8221;post_content&#8221;][\/et_pb_icon][et_pb_text _builder_version=&#8221;4.16&#8243; _module_preset=&#8221;default&#8221; text_orientation=&#8221;center&#8221; locked=&#8221;off&#8221; global_colors_info=&#8221;{}&#8221; theme_builder_area=&#8221;post_content&#8221;]<\/p>\n<p>La transition vers une solution ERP\/CRM bas\u00e9e sur Microsoft et mise en \u0153uvre par Mibusoft permettra aux prestataires de soins de sant\u00e9 de r\u00e9duire leurs co\u00fbts op\u00e9rationnels, de fusionner tous les segments de leurs op\u00e9rations en une seule solution et de r\u00e9duire les heures de gestion informatique. Plus important encore, une solution ERP\/CRM am\u00e9liorera la productivit\u00e9 de l'\u00e9quipe de soins, donnera au personnel un acc\u00e8s en temps r\u00e9el aux dossiers et documents des patients au toucher. Fournissez des informations bas\u00e9es sur des analyses et permettez des soins aux patients plus personnalis\u00e9s tout en respectant les exigences de conformit\u00e9 et de confidentialit\u00e9 des patients.<\/p>\n<p>[\/et_pb_text][\/et_pb_column][\/et_pb_row][\/et_pb_section][et_pb_section fb_built=&#8221;1&#8243; _builder_version=&#8221;4.16&#8243; _module_preset=&#8221;default&#8221; background_color=&#8221;gcid-67cedbd2-2763-4d68-8205-1c4596eb585f&#8221; global_colors_info=&#8221;{%22gcid-67cedbd2-2763-4d68-8205-1c4596eb585f%22:%91%22background_color%22%93}&#8221; theme_builder_area=&#8221;post_content&#8221;][et_pb_row column_structure=&#8221;3_4,1_4&#8243; _builder_version=&#8221;4.16&#8243; _module_preset=&#8221;default&#8221; global_colors_info=&#8221;{}&#8221; theme_builder_area=&#8221;post_content&#8221;][et_pb_column type=&#8221;3_4&#8243; _builder_version=&#8221;4.16&#8243; _module_preset=&#8221;default&#8221; global_colors_info=&#8221;{}&#8221; theme_builder_area=&#8221;post_content&#8221;][et_pb_text _builder_version=&#8221;4.16&#8243; _dynamic_attributes=&#8221;content&#8221; _module_preset=&#8221;default&#8221; header_4_text_color=&#8221;#FFFFFF&#8221; header_4_font_size=&#8221;33px&#8221; custom_margin=&#8221;7px||||false|false&#8221; global_colors_info=&#8221;{}&#8221; theme_builder_area=&#8221;post_content&#8221;]@ET-DC@eyJkeW5hbWljIjp0cnVlLCJjb250ZW50IjoicG9zdF9leGNlcnB0Iiwic2V0dGluZ3MiOnsiYmVmb3JlIjoiPGgyIHN0eWxlPVwiY29sb3I6d2hpdGU7Zm9udC1zaXplOjMycHhcIj4iLCJhZnRlciI6IjwvaDI+Iiwid29yZHMiOiIiLCJyZWFkX21vcmVfbGFiZWwiOiIifX0=@[\/et_pb_text][\/et_pb_column][et_pb_column type=&#8221;1_4&#8243; _builder_version=&#8221;4.16&#8243; _module_preset=&#8221;default&#8221; global_colors_info=&#8221;{}&#8221; theme_builder_area=&#8221;post_content&#8221;][et_pb_button button_url=&#8221;\/contact\/&#8221; button_text=&#8221;Contact Now&#8221; _builder_version=&#8221;4.16&#8243; _module_preset=&#8221;default&#8221; custom_button=&#8221;on&#8221; button_text_color=&#8221;#FFFFFF&#8221; button_border_color=&#8221;#FFFFFF&#8221; button_use_icon=&#8221;off&#8221; global_colors_info=&#8221;{}&#8221; button_border_width__hover_enabled=&#8221;on|hover&#8221; button_border_width__hover=&#8221;2px&#8221; button_border_color__hover_enabled=&#8221;on|hover&#8221; button_border_color__hover=&#8221;#FFFFFF&#8221; theme_builder_area=&#8221;post_content&#8221;][\/et_pb_button][\/et_pb_column][\/et_pb_row][\/et_pb_section]<\/p>","protected":false},"excerpt":{"rendered":"<p>Contactez-nous pour parler aux experts Microsoft Dynamics<\/p>","protected":false},"author":1,"featured_media":25738,"parent":25360,"menu_order":0,"comment_status":"closed","ping_status":"closed","template":"","meta":{"_et_pb_use_builder":"on","_et_pb_old_content":"<!-- wp:divi\/placeholder \/-->","_et_gb_content_width":"","footnotes":""},"acf":[],"_links":{"self":[{"href":"https:\/\/mibusoft.com\/fr\/wp-json\/wp\/v2\/pages\/25504"}],"collection":[{"href":"https:\/\/mibusoft.com\/fr\/wp-json\/wp\/v2\/pages"}],"about":[{"href":"https:\/\/mibusoft.com\/fr\/wp-json\/wp\/v2\/types\/page"}],"author":[{"embeddable":true,"href":"https:\/\/mibusoft.com\/fr\/wp-json\/wp\/v2\/users\/1"}],"replies":[{"embeddable":true,"href":"https:\/\/mibusoft.com\/fr\/wp-json\/wp\/v2\/comments?post=25504"}],"version-history":[{"count":0,"href":"https:\/\/mibusoft.com\/fr\/wp-json\/wp\/v2\/pages\/25504\/revisions"}],"up":[{"embeddable":true,"href":"https:\/\/mibusoft.com\/fr\/wp-json\/wp\/v2\/pages\/25360"}],"wp:featuredmedia":[{"embeddable":true,"href":"https:\/\/mibusoft.com\/fr\/wp-json\/wp\/v2\/media\/25738"}],"wp:attachment":[{"href":"https:\/\/mibusoft.com\/fr\/wp-json\/wp\/v2\/media?parent=25504"}],"curies":[{"name":"wp","href":"https:\/\/api.w.org\/{rel}","templated":true}]}}