{"id":25500,"date":"2021-09-16T16:57:13","date_gmt":"2021-09-16T20:57:13","guid":{"rendered":"https:\/\/f41338ccfb.nxcli.net\/?page_id=25500"},"modified":"2025-01-03T10:52:44","modified_gmt":"2025-01-03T15:52:44","slug":"agriculture","status":"publish","type":"page","link":"https:\/\/mibusoft.com\/fr\/industries\/agriculture\/","title":{"rendered":"Agriculture"},"content":{"rendered":"<p>[et_pb_section fb_built=&#8221;1&#8243; module_class=&#8221;lsm-erp-block&#8221; _builder_version=&#8221;4.16&#8243; _module_preset=&#8221;default&#8221; global_colors_info=&#8221;{}&#8221; theme_builder_area=&#8221;post_content&#8221;][et_pb_row _builder_version=&#8221;4.16&#8243; _module_preset=&#8221;default&#8221; global_colors_info=&#8221;{}&#8221; theme_builder_area=&#8221;post_content&#8221;][et_pb_column type=&#8221;4_4&#8243; _builder_version=&#8221;4.16&#8243; _module_preset=&#8221;default&#8221; global_colors_info=&#8221;{}&#8221; theme_builder_area=&#8221;post_content&#8221;][et_pb_text _builder_version=&#8221;4.17.0&#8243; _module_preset=&#8221;default&#8221; global_colors_info=&#8221;{}&#8221; theme_builder_area=&#8221;post_content&#8221;]<\/p>\n<h5>Tirez parti d'une solution ERP\/CRM pour optimiser la gestion collective et favoriser la durabilit\u00e9<\/h5>\n<p><strong>Les solutions pour le succ\u00e8s des associations agricoles<\/strong><\/p>\n<ul>\n<li>Microsoft Dynamics 365 \/ BC 365 \/ NAV<\/li>\n<li>Business Intelligence \u2013 Jet Reports<\/li>\n<li>Solution d'h\u00e9bergement priv\u00e9<\/li>\n<li>Mibusoft Swift Dispatch<\/li>\n<\/ul>\n<p>Le but de tout collectif agricole, association ou f\u00e9d\u00e9ration est de favoriser le d\u00e9veloppement des exploitations agricoles et de renforcer la stabilit\u00e9 des revenus qu'elles g\u00e9n\u00e8rent. Avec de nombreuses organisations agricoles repr\u00e9sentant les besoins de milliers d'exploitations agricoles individuelles, il est imp\u00e9ratif que les syst\u00e8mes et processus qu'elles emploient fonctionnent aussi efficacement que possible.<\/p>\n<p>Une solution d'intelligence d'affaires ERP\/CRM bas\u00e9e sur Microsoft, concevoir, d\u00e9ploy\u00e9r et finaliser par Mibusoft vous permet de faire exactement cela.<\/p>\n<p>[\/et_pb_text][\/et_pb_column][\/et_pb_row][\/et_pb_section][et_pb_section fb_built=&#8221;1&#8243; _builder_version=&#8221;4.16&#8243; _module_preset=&#8221;default&#8221; background_color=&#8221;gcid-eb01e228-e5d0-4766-9148-1139d8154b19&#8243; global_colors_info=&#8221;{%22gcid-eb01e228-e5d0-4766-9148-1139d8154b19%22:%91%22background_color%22%93}&#8221; theme_builder_area=&#8221;post_content&#8221;][et_pb_row _builder_version=&#8221;4.16&#8243; _module_preset=&#8221;default&#8221; global_colors_info=&#8221;{}&#8221; theme_builder_area=&#8221;post_content&#8221;][et_pb_column type=&#8221;4_4&#8243; _builder_version=&#8221;4.16&#8243; _module_preset=&#8221;default&#8221; global_colors_info=&#8221;{}&#8221; theme_builder_area=&#8221;post_content&#8221;][et_pb_text _builder_version=&#8221;4.16&#8243; _module_preset=&#8221;default&#8221; text_text_color=&#8221;gcid-67cedbd2-2763-4d68-8205-1c4596eb585f&#8221; global_colors_info=&#8221;{%22gcid-67cedbd2-2763-4d68-8205-1c4596eb585f%22:%91%22text_text_color%22%93}&#8221; theme_builder_area=&#8221;post_content&#8221;]<\/p>\n<p><strong>En s'appuyant sur un syst\u00e8me ERP\/CRM unifi\u00e9, votre association agricole peut r\u00e9aliser une multitude d'avantages en mati\u00e8re d'intelligence d'affaires<\/strong><\/p>\n<p>[\/et_pb_text][\/et_pb_column][\/et_pb_row][et_pb_row column_structure=&#8221;1_4,1_4,1_4,1_4&#8243; _builder_version=&#8221;4.16&#8243; _module_preset=&#8221;default&#8221; global_colors_info=&#8221;{}&#8221; theme_builder_area=&#8221;post_content&#8221;][et_pb_column type=&#8221;1_4&#8243; _builder_version=&#8221;4.16&#8243; _module_preset=&#8221;default&#8221; global_colors_info=&#8221;{}&#8221; theme_builder_area=&#8221;post_content&#8221;][et_pb_icon font_icon=&#8221;&#xf074;||fa||900&#8243; icon_color=&#8221;gcid-67cedbd2-2763-4d68-8205-1c4596eb585f&#8221; _builder_version=&#8221;4.16&#8243; _module_preset=&#8221;default&#8221; transform_rotate=&#8221;0deg|0deg|270deg&#8221; global_colors_info=&#8221;{%22gcid-67cedbd2-2763-4d68-8205-1c4596eb585f%22:%91%22icon_color%22%93}&#8221; theme_builder_area=&#8221;post_content&#8221;][\/et_pb_icon][et_pb_text _builder_version=&#8221;4.16&#8243; _module_preset=&#8221;default&#8221; text_orientation=&#8221;center&#8221; global_colors_info=&#8221;{}&#8221; theme_builder_area=&#8221;post_content&#8221;]<\/p>\n<p>Amenez la gestion de l'offre \u00e0 un autre niveau<\/p>\n<p>[\/et_pb_text][\/et_pb_column][et_pb_column type=&#8221;1_4&#8243; _builder_version=&#8221;4.16&#8243; _module_preset=&#8221;default&#8221; global_colors_info=&#8221;{}&#8221; theme_builder_area=&#8221;post_content&#8221;][et_pb_icon font_icon=&#8221;&#xf0a3;||fa||900&#8243; icon_color=&#8221;gcid-67cedbd2-2763-4d68-8205-1c4596eb585f&#8221; _builder_version=&#8221;4.16&#8243; _module_preset=&#8221;default&#8221; locked=&#8221;off&#8221; global_colors_info=&#8221;{%22gcid-67cedbd2-2763-4d68-8205-1c4596eb585f%22:%91%22icon_color%22%93}&#8221; theme_builder_area=&#8221;post_content&#8221;][\/et_pb_icon][et_pb_text _builder_version=&#8221;4.16&#8243; _module_preset=&#8221;default&#8221; text_orientation=&#8221;center&#8221; locked=&#8221;off&#8221; global_colors_info=&#8221;{}&#8221; theme_builder_area=&#8221;post_content&#8221;]<\/p>\n<p>Assurer une qualit\u00e9 sup\u00e9rieure, \u00e0 l'\u00e9chelle de l'industrie<\/p>\n<p>[\/et_pb_text][\/et_pb_column][et_pb_column type=&#8221;1_4&#8243; _builder_version=&#8221;4.16&#8243; _module_preset=&#8221;default&#8221; global_colors_info=&#8221;{}&#8221; theme_builder_area=&#8221;post_content&#8221;][et_pb_icon font_icon=&#8221;&#xf7b9;||fa||900&#8243; icon_color=&#8221;gcid-67cedbd2-2763-4d68-8205-1c4596eb585f&#8221; _builder_version=&#8221;4.16&#8243; _module_preset=&#8221;default&#8221; locked=&#8221;off&#8221; global_colors_info=&#8221;{%22gcid-67cedbd2-2763-4d68-8205-1c4596eb585f%22:%91%22icon_color%22%93}&#8221; theme_builder_area=&#8221;post_content&#8221;][\/et_pb_icon][et_pb_text _builder_version=&#8221;4.16&#8243; _module_preset=&#8221;default&#8221; text_orientation=&#8221;center&#8221; locked=&#8221;off&#8221; global_colors_info=&#8221;{}&#8221; theme_builder_area=&#8221;post_content&#8221;]<\/p>\n<p>Coordonner de mani\u00e8re centralis\u00e9e l'acheminement des produits vers plusieurs usines<\/p>\n<p>[\/et_pb_text][\/et_pb_column][et_pb_column type=&#8221;1_4&#8243; _builder_version=&#8221;4.16&#8243; _module_preset=&#8221;default&#8221; global_colors_info=&#8221;{}&#8221; theme_builder_area=&#8221;post_content&#8221;][et_pb_icon font_icon=&#8221;&#xe029;||divi||400&#8243; icon_color=&#8221;gcid-67cedbd2-2763-4d68-8205-1c4596eb585f&#8221; _builder_version=&#8221;4.16&#8243; _module_preset=&#8221;default&#8221; locked=&#8221;off&#8221; global_colors_info=&#8221;{%22gcid-67cedbd2-2763-4d68-8205-1c4596eb585f%22:%91%22icon_color%22%93}&#8221; theme_builder_area=&#8221;post_content&#8221;][\/et_pb_icon][et_pb_text _builder_version=&#8221;4.16&#8243; _module_preset=&#8221;default&#8221; text_orientation=&#8221;center&#8221; locked=&#8221;off&#8221; global_colors_info=&#8221;{}&#8221; theme_builder_area=&#8221;post_content&#8221;]<\/p>\n<p>G\u00e9rez de mani\u00e8re centralis\u00e9e les quotas et les limites de production<\/p>\n<p>[\/et_pb_text][\/et_pb_column][\/et_pb_row][et_pb_row column_structure=&#8221;1_4,1_4,1_4,1_4&#8243; _builder_version=&#8221;4.16&#8243; _module_preset=&#8221;default&#8221; global_colors_info=&#8221;{}&#8221; theme_builder_area=&#8221;post_content&#8221;][et_pb_column type=&#8221;1_4&#8243; _builder_version=&#8221;4.16&#8243; _module_preset=&#8221;default&#8221; global_colors_info=&#8221;{}&#8221; theme_builder_area=&#8221;post_content&#8221;][et_pb_icon font_icon=&#8221;&#xf247;||fa||400&#8243; icon_color=&#8221;gcid-67cedbd2-2763-4d68-8205-1c4596eb585f&#8221; _builder_version=&#8221;4.16&#8243; _module_preset=&#8221;default&#8221; locked=&#8221;off&#8221; global_colors_info=&#8221;{%22gcid-67cedbd2-2763-4d68-8205-1c4596eb585f%22:%91%22icon_color%22%93}&#8221; theme_builder_area=&#8221;post_content&#8221;][\/et_pb_icon][et_pb_text _builder_version=&#8221;4.16&#8243; _module_preset=&#8221;default&#8221; text_orientation=&#8221;center&#8221; locked=&#8221;off&#8221; global_colors_info=&#8221;{}&#8221; theme_builder_area=&#8221;post_content&#8221;]<\/p>\n<p>Promouvoir et commercialiser le produit en tant que groupe<\/p>\n<p>[\/et_pb_text][\/et_pb_column][et_pb_column type=&#8221;1_4&#8243; _builder_version=&#8221;4.16&#8243; _module_preset=&#8221;default&#8221; global_colors_info=&#8221;{}&#8221; theme_builder_area=&#8221;post_content&#8221;][et_pb_icon font_icon=&#8221;&#xe0ec;||divi||400&#8243; icon_color=&#8221;gcid-67cedbd2-2763-4d68-8205-1c4596eb585f&#8221; _builder_version=&#8221;4.16&#8243; _module_preset=&#8221;default&#8221; locked=&#8221;off&#8221; global_colors_info=&#8221;{%22gcid-67cedbd2-2763-4d68-8205-1c4596eb585f%22:%91%22icon_color%22%93}&#8221; theme_builder_area=&#8221;post_content&#8221;][\/et_pb_icon][et_pb_text _builder_version=&#8221;4.16&#8243; _module_preset=&#8221;default&#8221; text_orientation=&#8221;center&#8221; locked=&#8221;off&#8221; global_colors_info=&#8221;{}&#8221; theme_builder_area=&#8221;post_content&#8221;]<\/p>\n<p>Effectuer une analyse pr\u00e9dictive<\/p>\n<p>[\/et_pb_text][\/et_pb_column][et_pb_column type=&#8221;1_4&#8243; _builder_version=&#8221;4.16&#8243; _module_preset=&#8221;default&#8221; global_colors_info=&#8221;{}&#8221; theme_builder_area=&#8221;post_content&#8221;][et_pb_icon font_icon=&#8221;&#xf05b;||fa||900&#8243; icon_color=&#8221;gcid-67cedbd2-2763-4d68-8205-1c4596eb585f&#8221; _builder_version=&#8221;4.16&#8243; _module_preset=&#8221;default&#8221; locked=&#8221;off&#8221; global_colors_info=&#8221;{%22gcid-67cedbd2-2763-4d68-8205-1c4596eb585f%22:%91%22icon_color%22%93}&#8221; theme_builder_area=&#8221;post_content&#8221;][\/et_pb_icon][et_pb_text _builder_version=&#8221;4.16&#8243; _module_preset=&#8221;default&#8221; text_orientation=&#8221;center&#8221; locked=&#8221;off&#8221; global_colors_info=&#8221;{}&#8221; theme_builder_area=&#8221;post_content&#8221;]<\/p>\n<p>D\u00e9couvrez de nouvelles informations<\/p>\n<p>[\/et_pb_text][\/et_pb_column][et_pb_column type=&#8221;1_4&#8243; _builder_version=&#8221;4.16&#8243; _module_preset=&#8221;default&#8221; global_colors_info=&#8221;{}&#8221; theme_builder_area=&#8221;post_content&#8221;][et_pb_icon font_icon=&#8221;&#xe0a4;||divi||400&#8243; icon_color=&#8221;gcid-67cedbd2-2763-4d68-8205-1c4596eb585f&#8221; _builder_version=&#8221;4.16&#8243; _module_preset=&#8221;default&#8221; locked=&#8221;off&#8221; global_colors_info=&#8221;{%22gcid-67cedbd2-2763-4d68-8205-1c4596eb585f%22:%91%22icon_color%22%93}&#8221; theme_builder_area=&#8221;post_content&#8221;][\/et_pb_icon][et_pb_text _builder_version=&#8221;4.16&#8243; _module_preset=&#8221;default&#8221; text_orientation=&#8221;center&#8221; locked=&#8221;off&#8221; global_colors_info=&#8221;{}&#8221; theme_builder_area=&#8221;post_content&#8221;]<\/p>\n<p>Obtenez une vue d'ensemble du march\u00e9<\/p>\n<p>[\/et_pb_text][\/et_pb_column][\/et_pb_row][et_pb_row column_structure=&#8221;1_4,1_4,1_4,1_4&#8243; _builder_version=&#8221;4.16&#8243; _module_preset=&#8221;default&#8221; global_colors_info=&#8221;{}&#8221; theme_builder_area=&#8221;post_content&#8221;][et_pb_column type=&#8221;1_4&#8243; _builder_version=&#8221;4.16&#8243; _module_preset=&#8221;default&#8221; global_colors_info=&#8221;{}&#8221; theme_builder_area=&#8221;post_content&#8221;][et_pb_icon font_icon=&#8221;&#xe0d9;||divi||400&#8243; icon_color=&#8221;gcid-67cedbd2-2763-4d68-8205-1c4596eb585f&#8221; _builder_version=&#8221;4.16&#8243; _module_preset=&#8221;default&#8221; locked=&#8221;off&#8221; global_colors_info=&#8221;{%22gcid-67cedbd2-2763-4d68-8205-1c4596eb585f%22:%91%22icon_color%22%93}&#8221; theme_builder_area=&#8221;post_content&#8221;][\/et_pb_icon][et_pb_text _builder_version=&#8221;4.16&#8243; _module_preset=&#8221;default&#8221; text_orientation=&#8221;center&#8221; locked=&#8221;off&#8221; global_colors_info=&#8221;{}&#8221; theme_builder_area=&#8221;post_content&#8221;]<\/p>\n<p>Identifier les facteurs de risque potentiels et les opportunit\u00e9s<\/p>\n<p>[\/et_pb_text][\/et_pb_column][et_pb_column type=&#8221;1_4&#8243; _builder_version=&#8221;4.16&#8243; _module_preset=&#8221;default&#8221; global_colors_info=&#8221;{}&#8221; theme_builder_area=&#8221;post_content&#8221;][et_pb_icon font_icon=&#8221;&#xf560;||fa||900&#8243; icon_color=&#8221;gcid-67cedbd2-2763-4d68-8205-1c4596eb585f&#8221; _builder_version=&#8221;4.16&#8243; _module_preset=&#8221;default&#8221; locked=&#8221;off&#8221; global_colors_info=&#8221;{%22gcid-67cedbd2-2763-4d68-8205-1c4596eb585f%22:%91%22icon_color%22%93}&#8221; theme_builder_area=&#8221;post_content&#8221;][\/et_pb_icon][et_pb_text _builder_version=&#8221;4.16&#8243; _module_preset=&#8221;default&#8221; text_orientation=&#8221;center&#8221; locked=&#8221;off&#8221; global_colors_info=&#8221;{}&#8221; theme_builder_area=&#8221;post_content&#8221;]<\/p>\n<p>Reconna\u00eetre plus rapidement les opportunit\u00e9s du march\u00e9<\/p>\n<p>[\/et_pb_text][\/et_pb_column][et_pb_column type=&#8221;1_4&#8243; _builder_version=&#8221;4.16&#8243; _module_preset=&#8221;default&#8221; global_colors_info=&#8221;{}&#8221; theme_builder_area=&#8221;post_content&#8221;][et_pb_icon font_icon=&#8221;&#xf20e;||fa||400&#8243; icon_color=&#8221;gcid-67cedbd2-2763-4d68-8205-1c4596eb585f&#8221; _builder_version=&#8221;4.16&#8243; _module_preset=&#8221;default&#8221; locked=&#8221;off&#8221; global_colors_info=&#8221;{%22gcid-67cedbd2-2763-4d68-8205-1c4596eb585f%22:%91%22icon_color%22%93}&#8221; theme_builder_area=&#8221;post_content&#8221;][\/et_pb_icon][et_pb_text _builder_version=&#8221;4.16&#8243; _module_preset=&#8221;default&#8221; text_orientation=&#8221;center&#8221; locked=&#8221;off&#8221; global_colors_info=&#8221;{}&#8221; theme_builder_area=&#8221;post_content&#8221;]<\/p>\n<p>Assurer un d\u00e9veloppement durable<\/p>\n<p>[\/et_pb_text][\/et_pb_column][et_pb_column type=&#8221;1_4&#8243; _builder_version=&#8221;4.16&#8243; _module_preset=&#8221;default&#8221; global_colors_info=&#8221;{}&#8221; theme_builder_area=&#8221;post_content&#8221;][et_pb_icon font_icon=&#8221;&#xf3b2;||fa||400&#8243; icon_color=&#8221;gcid-67cedbd2-2763-4d68-8205-1c4596eb585f&#8221; _builder_version=&#8221;4.16&#8243; _module_preset=&#8221;default&#8221; locked=&#8221;off&#8221; global_colors_info=&#8221;{%22gcid-67cedbd2-2763-4d68-8205-1c4596eb585f%22:%91%22icon_color%22%93}&#8221; theme_builder_area=&#8221;post_content&#8221;][\/et_pb_icon][et_pb_text _builder_version=&#8221;4.16&#8243; _module_preset=&#8221;default&#8221; text_orientation=&#8221;center&#8221; locked=&#8221;off&#8221; global_colors_info=&#8221;{}&#8221; theme_builder_area=&#8221;post_content&#8221;]<\/p>\n<p>Servir de centre d'information sur la production, la gestion et les sujets r\u00e9glementaires<\/p>\n<p>[\/et_pb_text][\/et_pb_column][\/et_pb_row][\/et_pb_section][et_pb_section fb_built=&#8221;1&#8243; _builder_version=&#8221;4.16&#8243; _module_preset=&#8221;default&#8221; background_color=&#8221;gcid-67cedbd2-2763-4d68-8205-1c4596eb585f&#8221; global_colors_info=&#8221;{%22gcid-67cedbd2-2763-4d68-8205-1c4596eb585f%22:%91%22background_color%22%93}&#8221; theme_builder_area=&#8221;post_content&#8221;][et_pb_row column_structure=&#8221;3_4,1_4&#8243; _builder_version=&#8221;4.16&#8243; _module_preset=&#8221;default&#8221; global_colors_info=&#8221;{}&#8221; theme_builder_area=&#8221;post_content&#8221;][et_pb_column type=&#8221;3_4&#8243; _builder_version=&#8221;4.16&#8243; _module_preset=&#8221;default&#8221; global_colors_info=&#8221;{}&#8221; theme_builder_area=&#8221;post_content&#8221;][et_pb_text _builder_version=&#8221;4.16&#8243; _dynamic_attributes=&#8221;content&#8221; _module_preset=&#8221;default&#8221; header_4_text_color=&#8221;#FFFFFF&#8221; header_4_font_size=&#8221;33px&#8221; custom_margin=&#8221;7px||||false|false&#8221; global_colors_info=&#8221;{}&#8221; theme_builder_area=&#8221;post_content&#8221;]@ET-DC@eyJkeW5hbWljIjp0cnVlLCJjb250ZW50IjoicG9zdF9leGNlcnB0Iiwic2V0dGluZ3MiOnsiYmVmb3JlIjoiPGgyIHN0eWxlPVwiY29sb3I6d2hpdGU7Zm9udC1zaXplOjMycHhcIj4iLCJhZnRlciI6IjwvaDI+Iiwid29yZHMiOiIiLCJyZWFkX21vcmVfbGFiZWwiOiIifX0=@[\/et_pb_text][\/et_pb_column][et_pb_column type=&#8221;1_4&#8243; _builder_version=&#8221;4.16&#8243; _module_preset=&#8221;default&#8221; global_colors_info=&#8221;{}&#8221; theme_builder_area=&#8221;post_content&#8221;][et_pb_button button_url=&#8221;\/contact\/&#8221; button_text=&#8221;Contact Now&#8221; _builder_version=&#8221;4.16&#8243; _module_preset=&#8221;default&#8221; custom_button=&#8221;on&#8221; button_text_color=&#8221;#FFFFFF&#8221; button_border_color=&#8221;#FFFFFF&#8221; button_use_icon=&#8221;off&#8221; global_colors_info=&#8221;{}&#8221; button_border_width__hover_enabled=&#8221;on|hover&#8221; button_border_width__hover=&#8221;2px&#8221; button_border_color__hover_enabled=&#8221;on|hover&#8221; button_border_color__hover=&#8221;#FFFFFF&#8221; theme_builder_area=&#8221;post_content&#8221;][\/et_pb_button][\/et_pb_column][\/et_pb_row][\/et_pb_section]<\/p>","protected":false},"excerpt":{"rendered":"<p>Contactez-nous pour parler aux experts Microsoft Dynamics<\/p>","protected":false},"author":1,"featured_media":25733,"parent":25360,"menu_order":0,"comment_status":"closed","ping_status":"closed","template":"","meta":{"_et_pb_use_builder":"on","_et_pb_old_content":"<!-- wp:divi\/placeholder \/-->","_et_gb_content_width":"","footnotes":""},"acf":[],"_links":{"self":[{"href":"https:\/\/mibusoft.com\/fr\/wp-json\/wp\/v2\/pages\/25500"}],"collection":[{"href":"https:\/\/mibusoft.com\/fr\/wp-json\/wp\/v2\/pages"}],"about":[{"href":"https:\/\/mibusoft.com\/fr\/wp-json\/wp\/v2\/types\/page"}],"author":[{"embeddable":true,"href":"https:\/\/mibusoft.com\/fr\/wp-json\/wp\/v2\/users\/1"}],"replies":[{"embeddable":true,"href":"https:\/\/mibusoft.com\/fr\/wp-json\/wp\/v2\/comments?post=25500"}],"version-history":[{"count":0,"href":"https:\/\/mibusoft.com\/fr\/wp-json\/wp\/v2\/pages\/25500\/revisions"}],"up":[{"embeddable":true,"href":"https:\/\/mibusoft.com\/fr\/wp-json\/wp\/v2\/pages\/25360"}],"wp:featuredmedia":[{"embeddable":true,"href":"https:\/\/mibusoft.com\/fr\/wp-json\/wp\/v2\/media\/25733"}],"wp:attachment":[{"href":"https:\/\/mibusoft.com\/fr\/wp-json\/wp\/v2\/media?parent=25500"}],"curies":[{"name":"wp","href":"https:\/\/api.w.org\/{rel}","templated":true}]}}