{"id":25496,"date":"2021-09-16T16:56:36","date_gmt":"2021-09-16T20:56:36","guid":{"rendered":"https:\/\/f41338ccfb.nxcli.net\/?page_id=25496"},"modified":"2025-01-03T11:02:11","modified_gmt":"2025-01-03T16:02:11","slug":"professional-services","status":"publish","type":"page","link":"https:\/\/mibusoft.com\/fr\/industries\/professional-services\/","title":{"rendered":"Services Professionnels"},"content":{"rendered":"<p>[et_pb_section fb_built=&#8221;1&#8243; module_class=&#8221;lsm-erp-block&#8221; _builder_version=&#8221;4.16&#8243; _module_preset=&#8221;default&#8221; global_colors_info=&#8221;{}&#8221; theme_builder_area=&#8221;post_content&#8221;][et_pb_row _builder_version=&#8221;4.16&#8243; _module_preset=&#8221;default&#8221; global_colors_info=&#8221;{}&#8221; theme_builder_area=&#8221;post_content&#8221;][et_pb_column type=&#8221;4_4&#8243; _builder_version=&#8221;4.16&#8243; _module_preset=&#8221;default&#8221; global_colors_info=&#8221;{}&#8221; theme_builder_area=&#8221;post_content&#8221;][et_pb_text _builder_version=&#8221;4.17.1&#8243; _module_preset=&#8221;default&#8221; global_colors_info=&#8221;{}&#8221; theme_builder_area=&#8221;post_content&#8221;]<\/p>\n<h5>G\u00e9rez mieux les personnes, les projets et les profits avec une solution ERP\/CRM<\/h5>\n<p><strong>La solution pour le succ\u00e8s des services professionnels<\/strong><\/p>\n<ul>\n<li>Microsoft Dynamics 365 \/ BC 365 \/ NAV<\/li>\n<li>Microsoft Dynamics CRM<\/li>\n<li>Mibusoft SoftPest<\/li>\n<li>Microsoft Office 365<\/li>\n<\/ul>\n<p>Comment savoir si votre organisation de services professionnels pourrait utiliser une solution logicielle ERP\/CRM bas\u00e9e sur Microsoft concevoir d\u00e9ployer et finaliser par Mibusoft? Posez-vous ces questions:<\/p>\n<p>[\/et_pb_text][\/et_pb_column][\/et_pb_row][\/et_pb_section][et_pb_section fb_built=&#8221;1&#8243; module_class=&#8221;lsm-erp-block&#8221; _builder_version=&#8221;4.16&#8243; _module_preset=&#8221;default&#8221; background_color=&#8221;gcid-eb01e228-e5d0-4766-9148-1139d8154b19&#8243; global_colors_info=&#8221;{%22gcid-eb01e228-e5d0-4766-9148-1139d8154b19%22:%91%22background_color%22%93}&#8221; theme_builder_area=&#8221;post_content&#8221;][et_pb_row column_structure=&#8221;1_4,3_4&#8243; _builder_version=&#8221;4.16&#8243; _module_preset=&#8221;default&#8221; global_colors_info=&#8221;{}&#8221; theme_builder_area=&#8221;post_content&#8221;][et_pb_column type=&#8221;1_4&#8243; _builder_version=&#8221;4.16&#8243; _module_preset=&#8221;default&#8221; global_colors_info=&#8221;{}&#8221; theme_builder_area=&#8221;post_content&#8221;][et_pb_icon font_icon=&#8221;&#xf0c5;||fa||900&#8243; icon_color=&#8221;gcid-67cedbd2-2763-4d68-8205-1c4596eb585f&#8221; _builder_version=&#8221;4.16&#8243; _module_preset=&#8221;default&#8221; global_colors_info=&#8221;{%22gcid-67cedbd2-2763-4d68-8205-1c4596eb585f%22:%91%22icon_color%22%93}&#8221; theme_builder_area=&#8221;post_content&#8221;][\/et_pb_icon][\/et_pb_column][et_pb_column type=&#8221;3_4&#8243; _builder_version=&#8221;4.16&#8243; _module_preset=&#8221;default&#8221; global_colors_info=&#8221;{}&#8221; theme_builder_area=&#8221;post_content&#8221;][et_pb_text _builder_version=&#8221;4.16&#8243; _module_preset=&#8221;default&#8221; locked=&#8221;off&#8221; global_colors_info=&#8221;{}&#8221; theme_builder_area=&#8221;post_content&#8221;]<\/p>\n<h5>Utilisez-vous une vari\u00e9t\u00e9 de logiciels pour g\u00e9rer une vari\u00e9t\u00e9 de processus?<\/h5>\n<p>Le rapprochement des \u00e9tats financiers \u00e0 la fin du mois prend-il plus de temps que vous ne le souhaiteriez?<br \/>Lorsque vous fournissez une pr\u00e9vision des ventes pour votre entreprise de services professionnels, est-elle bas\u00e9e davantage sur des suppositions que sur des chiffres r\u00e9els, car vous n'avez pas acc\u00e8s aux informations sur votre entreprise?<\/p>\n<p>Si vous avez r\u00e9pondu \u00ab oui \u00bb \u00e0 l'une ou \u00e0 l'ensemble de ces questions, votre entreprise de services professionnels pourrait b\u00e9n\u00e9ficier d'une solution logicielle ERP\/CRM bas\u00e9e sur Microsoft.<\/p>\n<p>[\/et_pb_text][\/et_pb_column][\/et_pb_row][\/et_pb_section][et_pb_section fb_built=&#8221;1&#8243; module_class=&#8221;lsm-erp-block&#8221; _builder_version=&#8221;4.16&#8243; _module_preset=&#8221;default&#8221; global_colors_info=&#8221;{}&#8221; theme_builder_area=&#8221;post_content&#8221;][et_pb_row _builder_version=&#8221;4.16&#8243; _module_preset=&#8221;default&#8221; global_colors_info=&#8221;{}&#8221; theme_builder_area=&#8221;post_content&#8221;][et_pb_column type=&#8221;4_4&#8243; _builder_version=&#8221;4.16&#8243; _module_preset=&#8221;default&#8221; global_colors_info=&#8221;{}&#8221; theme_builder_area=&#8221;post_content&#8221;][et_pb_text _builder_version=&#8221;4.16&#8243; _module_preset=&#8221;default&#8221; global_colors_info=&#8221;{}&#8221; theme_builder_area=&#8221;post_content&#8221;]<\/p>\n<h5>Impl\u00e9menter une solution logicielle ERP\/CRM flexible, extensible et puissante<\/h5>\n<p>En tant qu'entreprise de services professionnels, votre plus grande ressource est votre temps. En rationalisant les t\u00e2ches non facturables tout en am\u00e9liorant votre capacit\u00e9 \u00e0 obtenir des informations en temps r\u00e9el sur votre entreprise, vous pouvez augmenter les heures facturables et identifier les domaines \u00e0 am\u00e9liorer et les opportunit\u00e9s de croissance, et augmenter le b\u00e9n\u00e9fice global.<\/p>\n<p>[\/et_pb_text][\/et_pb_column][\/et_pb_row][et_pb_row column_structure=&#8221;1_2,1_2&#8243; _builder_version=&#8221;4.16&#8243; _module_preset=&#8221;default&#8221; global_colors_info=&#8221;{}&#8221; theme_builder_area=&#8221;post_content&#8221;][et_pb_column type=&#8221;1_2&#8243; _builder_version=&#8221;4.16&#8243; _module_preset=&#8221;default&#8221; global_colors_info=&#8221;{}&#8221; theme_builder_area=&#8221;post_content&#8221;][et_pb_icon font_icon=&#8221;&#xf110;||fa||900&#8243; icon_color=&#8221;gcid-67cedbd2-2763-4d68-8205-1c4596eb585f&#8221; _builder_version=&#8221;4.16&#8243; _module_preset=&#8221;default&#8221; global_colors_info=&#8221;{%22gcid-67cedbd2-2763-4d68-8205-1c4596eb585f%22:%91%22icon_color%22%93}&#8221; theme_builder_area=&#8221;post_content&#8221;][\/et_pb_icon][et_pb_text _builder_version=&#8221;4.16&#8243; _module_preset=&#8221;default&#8221; locked=&#8221;off&#8221; global_colors_info=&#8221;{}&#8221; theme_builder_area=&#8221;post_content&#8221;]<\/p>\n<p>En demandant \u00e0 Mibusoft de mettre en \u0153uvre une solution logicielle ERP\/CRM bas\u00e9e sur Microsoft pour vous aider \u00e0 g\u00e9rer votre entreprise de services professionnels, vous pourrez retirer votre r\u00e9seau disparate de syst\u00e8mes. Au lieu de cela, tout sera regroup\u00e9 dans une seule solution logicielle ERP\/CRM, \u00e9liminant ainsi le besoin de mises \u00e0 niveau frustrantes et chronophages du syst\u00e8me et r\u00e9duisant les co\u00fbts de gestion informatique.<\/p>\n<p>[\/et_pb_text][\/et_pb_column][et_pb_column type=&#8221;1_2&#8243; _builder_version=&#8221;4.16&#8243; _module_preset=&#8221;default&#8221; global_colors_info=&#8221;{}&#8221; theme_builder_area=&#8221;post_content&#8221;][et_pb_icon font_icon=&#8221;&#x69;||divi||400&#8243; icon_color=&#8221;gcid-67cedbd2-2763-4d68-8205-1c4596eb585f&#8221; _builder_version=&#8221;4.16&#8243; _module_preset=&#8221;default&#8221; locked=&#8221;off&#8221; global_colors_info=&#8221;{%22gcid-67cedbd2-2763-4d68-8205-1c4596eb585f%22:%91%22icon_color%22%93}&#8221; theme_builder_area=&#8221;post_content&#8221;][\/et_pb_icon][et_pb_text _builder_version=&#8221;4.16&#8243; _module_preset=&#8221;default&#8221; locked=&#8221;off&#8221; global_colors_info=&#8221;{}&#8221; theme_builder_area=&#8221;post_content&#8221;]<\/p>\n<p>Les finances seront \u00e9galement plus faciles. Encore une fois, puisque plusieurs syst\u00e8mes ont \u00e9t\u00e9 \u00e9limin\u00e9s et que tout est combin\u00e9 dans un seul syst\u00e8me ERP\/CRM, le rapprochement des informations financi\u00e8res sera un processus plus rapide et plus efficace, qu'il s'agisse des factures, des comptes fournisseurs, de la gestion des re\u00e7us ou de la production de rapports.<\/p>\n<p>[\/et_pb_text][\/et_pb_column][\/et_pb_row][et_pb_row column_structure=&#8221;1_2,1_2&#8243; _builder_version=&#8221;4.16&#8243; _module_preset=&#8221;default&#8221; global_colors_info=&#8221;{}&#8221; theme_builder_area=&#8221;post_content&#8221;][et_pb_column type=&#8221;1_2&#8243; _builder_version=&#8221;4.16&#8243; _module_preset=&#8221;default&#8221; global_colors_info=&#8221;{}&#8221; theme_builder_area=&#8221;post_content&#8221;][et_pb_icon font_icon=&#8221;&#xf502;||fa||900&#8243; icon_color=&#8221;gcid-67cedbd2-2763-4d68-8205-1c4596eb585f&#8221; _builder_version=&#8221;4.16&#8243; _module_preset=&#8221;default&#8221; locked=&#8221;off&#8221; global_colors_info=&#8221;{%22gcid-67cedbd2-2763-4d68-8205-1c4596eb585f%22:%91%22icon_color%22%93}&#8221; theme_builder_area=&#8221;post_content&#8221;][\/et_pb_icon][et_pb_text _builder_version=&#8221;4.16&#8243; _module_preset=&#8221;default&#8221; locked=&#8221;off&#8221; global_colors_info=&#8221;{}&#8221; theme_builder_area=&#8221;post_content&#8221;]<\/p>\n<p>L'acc\u00e8s aux donn\u00e9es peut \u00e9galement changer la donne pour votre entreprise de services professionnels. Nos solutions logicielles ERP\/CRM fourniront \u00e0 votre entreprise un acc\u00e8s en temps r\u00e9el aux mesures commerciales cl\u00e9s ; des mesures qui vous donneront la perspective dont vous avez besoin en un instant et la capacit\u00e9 de reconna\u00eetre les opportunit\u00e9s plus t\u00f4t, d'effectuer des ajustements plus rapidement et de permettre \u00e0 vos employ\u00e9s de faire leur travail plus efficacement.<\/p>\n<p>[\/et_pb_text][\/et_pb_column][et_pb_column type=&#8221;1_2&#8243; _builder_version=&#8221;4.16&#8243; _module_preset=&#8221;default&#8221; global_colors_info=&#8221;{}&#8221; theme_builder_area=&#8221;post_content&#8221;][et_pb_icon font_icon=&#8221;&#xf073;||fa||900&#8243; icon_color=&#8221;gcid-67cedbd2-2763-4d68-8205-1c4596eb585f&#8221; _builder_version=&#8221;4.16&#8243; _module_preset=&#8221;default&#8221; locked=&#8221;off&#8221; global_colors_info=&#8221;{%22gcid-67cedbd2-2763-4d68-8205-1c4596eb585f%22:%91%22icon_color%22%93}&#8221; theme_builder_area=&#8221;post_content&#8221;][\/et_pb_icon][et_pb_text _builder_version=&#8221;4.16&#8243; _module_preset=&#8221;default&#8221; locked=&#8221;off&#8221; global_colors_info=&#8221;{}&#8221; theme_builder_area=&#8221;post_content&#8221;]<\/p>\n<p>Vous pourrez \u00e9galement simplifier la gestion de la relation client (CRM). En automatisant votre lux de courrier \u00e9lectronique, vos formulaires, vos rappels, vos rendez-vous, vos suivis et vos bulletins \u00e9lectroniques, votre processus de qualification de prospects deviendra plus simple, plus coh\u00e9rent et plus cibl\u00e9, ce qui am\u00e9liorera le taux de conversion de votre entreprise de services professionnels.<\/p>\n<p>[\/et_pb_text][\/et_pb_column][\/et_pb_row][\/et_pb_section][et_pb_section fb_built=&#8221;1&#8243; _builder_version=&#8221;4.16&#8243; _module_preset=&#8221;default&#8221; background_color=&#8221;gcid-67cedbd2-2763-4d68-8205-1c4596eb585f&#8221; global_colors_info=&#8221;{%22gcid-67cedbd2-2763-4d68-8205-1c4596eb585f%22:%91%22background_color%22%93}&#8221; theme_builder_area=&#8221;post_content&#8221;][et_pb_row column_structure=&#8221;3_4,1_4&#8243; _builder_version=&#8221;4.16&#8243; _module_preset=&#8221;default&#8221; global_colors_info=&#8221;{}&#8221; theme_builder_area=&#8221;post_content&#8221;][et_pb_column type=&#8221;3_4&#8243; _builder_version=&#8221;4.16&#8243; _module_preset=&#8221;default&#8221; global_colors_info=&#8221;{}&#8221; theme_builder_area=&#8221;post_content&#8221;][et_pb_text _builder_version=&#8221;4.16&#8243; _dynamic_attributes=&#8221;content&#8221; _module_preset=&#8221;default&#8221; header_4_text_color=&#8221;#FFFFFF&#8221; header_4_font_size=&#8221;33px&#8221; custom_margin=&#8221;7px||||false|false&#8221; global_colors_info=&#8221;{}&#8221; theme_builder_area=&#8221;post_content&#8221;]@ET-DC@eyJkeW5hbWljIjp0cnVlLCJjb250ZW50IjoicG9zdF9leGNlcnB0Iiwic2V0dGluZ3MiOnsiYmVmb3JlIjoiPGgyIHN0eWxlPVwiY29sb3I6d2hpdGU7Zm9udC1zaXplOjMycHhcIj4iLCJhZnRlciI6IjwvaDI+Iiwid29yZHMiOiIiLCJyZWFkX21vcmVfbGFiZWwiOiIifX0=@[\/et_pb_text][\/et_pb_column][et_pb_column type=&#8221;1_4&#8243; _builder_version=&#8221;4.16&#8243; _module_preset=&#8221;default&#8221; global_colors_info=&#8221;{}&#8221; theme_builder_area=&#8221;post_content&#8221;][et_pb_button button_url=&#8221;\/contact\/&#8221; button_text=&#8221;Contact Now&#8221; _builder_version=&#8221;4.16&#8243; _module_preset=&#8221;default&#8221; custom_button=&#8221;on&#8221; button_text_color=&#8221;#FFFFFF&#8221; button_border_color=&#8221;#FFFFFF&#8221; button_use_icon=&#8221;off&#8221; global_colors_info=&#8221;{}&#8221; button_border_width__hover_enabled=&#8221;on|hover&#8221; button_border_width__hover=&#8221;2px&#8221; button_border_color__hover_enabled=&#8221;on|hover&#8221; button_border_color__hover=&#8221;#FFFFFF&#8221; theme_builder_area=&#8221;post_content&#8221;][\/et_pb_button][\/et_pb_column][\/et_pb_row][\/et_pb_section]<\/p>","protected":false},"excerpt":{"rendered":"<p>Contactez-nous pour parler aux experts Microsoft Dynamics<\/p>","protected":false},"author":1,"featured_media":25728,"parent":25360,"menu_order":0,"comment_status":"closed","ping_status":"closed","template":"","meta":{"_et_pb_use_builder":"on","_et_pb_old_content":"<!-- wp:divi\/placeholder \/-->","_et_gb_content_width":"","footnotes":""},"acf":[],"_links":{"self":[{"href":"https:\/\/mibusoft.com\/fr\/wp-json\/wp\/v2\/pages\/25496"}],"collection":[{"href":"https:\/\/mibusoft.com\/fr\/wp-json\/wp\/v2\/pages"}],"about":[{"href":"https:\/\/mibusoft.com\/fr\/wp-json\/wp\/v2\/types\/page"}],"author":[{"embeddable":true,"href":"https:\/\/mibusoft.com\/fr\/wp-json\/wp\/v2\/users\/1"}],"replies":[{"embeddable":true,"href":"https:\/\/mibusoft.com\/fr\/wp-json\/wp\/v2\/comments?post=25496"}],"version-history":[{"count":0,"href":"https:\/\/mibusoft.com\/fr\/wp-json\/wp\/v2\/pages\/25496\/revisions"}],"up":[{"embeddable":true,"href":"https:\/\/mibusoft.com\/fr\/wp-json\/wp\/v2\/pages\/25360"}],"wp:featuredmedia":[{"embeddable":true,"href":"https:\/\/mibusoft.com\/fr\/wp-json\/wp\/v2\/media\/25728"}],"wp:attachment":[{"href":"https:\/\/mibusoft.com\/fr\/wp-json\/wp\/v2\/media?parent=25496"}],"curies":[{"name":"wp","href":"https:\/\/api.w.org\/{rel}","templated":true}]}}