{"id":215,"date":"2021-09-09T14:44:13","date_gmt":"2021-09-09T18:44:13","guid":{"rendered":"https:\/\/b5cb3c695b.nxcli.net\/?page_id=215"},"modified":"2022-04-14T11:34:00","modified_gmt":"2022-04-14T15:34:00","slug":"business-analytics","status":"publish","type":"page","link":"https:\/\/mibusoft.com\/fr\/services\/business-analytics\/","title":{"rendered":"Analytique Entreprises"},"content":{"rendered":"<p>[et_pb_section fb_built=&#8221;1&#8243; _builder_version=&#8221;4.16&#8243; _module_preset=&#8221;default&#8221; global_colors_info=&#8221;{}&#8221; theme_builder_area=&#8221;post_content&#8221;][et_pb_row _builder_version=&#8221;4.16&#8243; _module_preset=&#8221;default&#8221; global_colors_info=&#8221;{}&#8221; theme_builder_area=&#8221;post_content&#8221;][et_pb_column type=&#8221;4_4&#8243; _builder_version=&#8221;4.16&#8243; _module_preset=&#8221;default&#8221; global_colors_info=&#8221;{}&#8221; theme_builder_area=&#8221;post_content&#8221;][et_pb_text _builder_version=&#8221;4.16&#8243; _module_preset=&#8221;default&#8221; global_colors_info=&#8221;{}&#8221; theme_builder_area=&#8221;post_content&#8221;]<\/p>\n<p>Appuyez-vous sur l'exp\u00e9rience et l'expertise de l'\u00e9quipe Mibusoft pour vous assister dans la s\u00e9lection du logiciel de Business Intelligence qui est le mieux adapt\u00e9 aux besoins de votre entreprise. Beaucoup de nos clients font confiance \u00e0 <a href=\"https:\/\/mibusoft.com\/fr\/products\/business-intelligence\/\">TARGIT, TimeXtender et Jet Reports<\/a> pour leurs d\u00e9couvertes en la Business Intelligence. (Mibusoft est un sp\u00e9cialiste certifi\u00e9 de Jet Reports). Tout les trois programmes de la Business Intelligence vous permettent d'analyser les tendances et d'extraire des informations \u00e0 partir des donn\u00e9es contenues dans votre syst\u00e8me Microsoft Dynamics BC365, ou Dynamics NAV qui vous donnant \u00e0 votre organisation la possibilit\u00e9 de tirer parti de la puissance associ\u00e9e aux connaissances.<\/p>\n<p>[\/et_pb_text][\/et_pb_column][\/et_pb_row][\/et_pb_section][et_pb_section fb_built=&#8221;1&#8243; _builder_version=&#8221;4.16&#8243; _module_preset=&#8221;default&#8221; background_color=&#8221;gcid-67cedbd2-2763-4d68-8205-1c4596eb585f&#8221; global_colors_info=&#8221;{%22gcid-67cedbd2-2763-4d68-8205-1c4596eb585f%22:%91%22background_color%22%93}&#8221; global_module=&#8221;27446&#8243; theme_builder_area=&#8221;post_content&#8221;][et_pb_row column_structure=&#8221;3_4,1_4&#8243; _builder_version=&#8221;4.16&#8243; _module_preset=&#8221;default&#8221; global_colors_info=&#8221;{}&#8221; theme_builder_area=&#8221;post_content&#8221;][et_pb_column type=&#8221;3_4&#8243; _builder_version=&#8221;4.16&#8243; _module_preset=&#8221;default&#8221; global_colors_info=&#8221;{}&#8221; theme_builder_area=&#8221;post_content&#8221;][et_pb_text _builder_version=&#8221;4.16&#8243; _dynamic_attributes=&#8221;content&#8221; _module_preset=&#8221;default&#8221; header_4_text_color=&#8221;#FFFFFF&#8221; header_4_font_size=&#8221;33px&#8221; custom_margin=&#8221;7px||||false|false&#8221; global_colors_info=&#8221;{}&#8221; theme_builder_area=&#8221;post_content&#8221;]@ET-DC@eyJkeW5hbWljIjp0cnVlLCJjb250ZW50IjoicG9zdF9leGNlcnB0Iiwic2V0dGluZ3MiOnsiYmVmb3JlIjoiPGgyIHN0eWxlPVwiY29sb3I6d2hpdGU7Zm9udC1zaXplOjMycHhcIj4iLCJhZnRlciI6IjwvaDI+Iiwid29yZHMiOiIiLCJyZWFkX21vcmVfbGFiZWwiOiIifX0=@[\/et_pb_text][\/et_pb_column][et_pb_column type=&#8221;1_4&#8243; _builder_version=&#8221;4.16&#8243; _module_preset=&#8221;default&#8221; global_colors_info=&#8221;{}&#8221; theme_builder_area=&#8221;post_content&#8221;][et_pb_button button_url=&#8221;\/contact\/&#8221; button_text=&#8221;Contact Now&#8221; _builder_version=&#8221;4.16&#8243; _module_preset=&#8221;default&#8221; custom_button=&#8221;on&#8221; button_text_color=&#8221;#FFFFFF&#8221; button_border_color=&#8221;#FFFFFF&#8221; button_use_icon=&#8221;off&#8221; global_colors_info=&#8221;{}&#8221; button_border_width__hover_enabled=&#8221;on|hover&#8221; button_border_width__hover=&#8221;2px&#8221; button_border_color__hover_enabled=&#8221;on|hover&#8221; button_border_color__hover=&#8221;#FFFFFF&#8221; theme_builder_area=&#8221;post_content&#8221;][\/et_pb_button][\/et_pb_column][\/et_pb_row][\/et_pb_section]<\/p>","protected":false},"excerpt":{"rendered":"<p>Contactez-nous pour parler aux experts Microsoft Dynamics<\/p>","protected":false},"author":1,"featured_media":25702,"parent":112,"menu_order":0,"comment_status":"closed","ping_status":"closed","template":"","meta":{"_et_pb_use_builder":"on","_et_pb_old_content":"<!-- wp:divi\/placeholder \/-->","_et_gb_content_width":"","footnotes":""},"acf":[],"_links":{"self":[{"href":"https:\/\/mibusoft.com\/fr\/wp-json\/wp\/v2\/pages\/215"}],"collection":[{"href":"https:\/\/mibusoft.com\/fr\/wp-json\/wp\/v2\/pages"}],"about":[{"href":"https:\/\/mibusoft.com\/fr\/wp-json\/wp\/v2\/types\/page"}],"author":[{"embeddable":true,"href":"https:\/\/mibusoft.com\/fr\/wp-json\/wp\/v2\/users\/1"}],"replies":[{"embeddable":true,"href":"https:\/\/mibusoft.com\/fr\/wp-json\/wp\/v2\/comments?post=215"}],"version-history":[{"count":0,"href":"https:\/\/mibusoft.com\/fr\/wp-json\/wp\/v2\/pages\/215\/revisions"}],"up":[{"embeddable":true,"href":"https:\/\/mibusoft.com\/fr\/wp-json\/wp\/v2\/pages\/112"}],"wp:featuredmedia":[{"embeddable":true,"href":"https:\/\/mibusoft.com\/fr\/wp-json\/wp\/v2\/media\/25702"}],"wp:attachment":[{"href":"https:\/\/mibusoft.com\/fr\/wp-json\/wp\/v2\/media?parent=215"}],"curies":[{"name":"wp","href":"https:\/\/api.w.org\/{rel}","templated":true}]}}